{"id":3522,"date":"2021-12-09T06:26:49","date_gmt":"2021-12-09T06:26:49","guid":{"rendered":"https:\/\/medicate.peacefulqode.com\/?page_id=3522"},"modified":"2023-03-25T19:34:13","modified_gmt":"2023-03-25T19:34:13","slug":"infiltracao-de-coluna","status":"publish","type":"page","link":"https:\/\/sites.creatycomunicacao.com\/drdaniloquadros\/infiltracao-de-coluna\/","title":{"rendered":"Infiltra\u00e7\u00e3o de coluna ou Bloqueio de coluna"},"content":{"rendered":"\t\t<div data-elementor-type=\"wp-page\" data-elementor-id=\"3522\" class=\"elementor elementor-3522\">\n\t\t\t\t\t\t<div class=\"elementor-section elementor-top-section elementor-element elementor-element-0746f40 elementor-section-stretched elementor-section-boxed elementor-section-height-default elementor-section-height-default\" data-id=\"0746f40\" data-element_type=\"section\" data-e-type=\"section\" data-settings=\"{&quot;stretch_section&quot;:&quot;section-stretched&quot;}\">\n\t\t\t\t\t\t<div class=\"elementor-container elementor-column-gap-default\">\n\t\t\t\t\t<div class=\"elementor-column elementor-col-100 elementor-top-column elementor-element elementor-element-38c5402\" data-id=\"38c5402\" data-element_type=\"column\" data-e-type=\"column\">\n\t\t\t<div class=\"elementor-widget-wrap elementor-element-populated\">\n\t\t\t\t\t\t<div class=\"elementor-element elementor-element-85518cf elementor-widget elementor-widget-image\" data-id=\"85518cf\" data-element_type=\"widget\" data-e-type=\"widget\" data-widget_type=\"image.default\">\n\t\t\t\t<div class=\"elementor-widget-container\">\n\t\t\t\t\t\t\t\t\t\t\t\t\t\t\t<img fetchpriority=\"high\" decoding=\"async\" width=\"666\" height=\"666\" src=\"https:\/\/sites.creatycomunicacao.com\/drdaniloquadros\/wp-content\/uploads\/2023\/03\/coluna-2.jpg\" class=\"attachment-full size-full wp-image-17621\" alt=\"\" srcset=\"https:\/\/sites.creatycomunicacao.com\/drdaniloquadros\/wp-content\/uploads\/2023\/03\/coluna-2.jpg 666w, https:\/\/sites.creatycomunicacao.com\/drdaniloquadros\/wp-content\/uploads\/2023\/03\/coluna-2-300x300.jpg 300w, https:\/\/sites.creatycomunicacao.com\/drdaniloquadros\/wp-content\/uploads\/2023\/03\/coluna-2-150x150.jpg 150w\" sizes=\"(max-width: 666px) 100vw, 666px\" \/>\t\t\t\t\t\t\t\t\t\t\t\t\t\t\t<\/div>\n\t\t\t\t<\/div>\n\t\t\t\t<div class=\"elementor-element elementor-element-a2b7c23 elementor-widget elementor-widget-heading\" data-id=\"a2b7c23\" data-element_type=\"widget\" data-e-type=\"widget\" data-widget_type=\"heading.default\">\n\t\t\t\t<div class=\"elementor-widget-container\">\n\t\t\t\t\t<h4 class=\"elementor-heading-title elementor-size-default\"><h2>Infiltra\u00e7\u00e3o de coluna ou Bloqueio de coluna<\/h2><\/h4>\t\t\t\t<\/div>\n\t\t\t\t<\/div>\n\t\t\t\t<div class=\"elementor-element elementor-element-27a8da0 elementor-widget elementor-widget-text-editor\" data-id=\"27a8da0\" data-element_type=\"widget\" data-e-type=\"widget\" data-widget_type=\"text-editor.default\">\n\t\t\t\t<div class=\"elementor-widget-container\">\n\t\t\t\t\t\t\t\t\t<p>A dor lombar e a dor cervical s\u00e3o problemas de sa\u00fade muito comuns e afetam grande n\u00famero de pessoas. Esses dois problemas podem ser causados por uma s\u00e9rie de fatores, como: doen\u00e7a do disco, doen\u00e7a da musculatura, compress\u00e3o nervosa, artrose das articula\u00e7\u00f5es da coluna, desvio do alinhamento da coluna e muitas outras causas.<\/p><p>Al\u00e9m disso existe uma s\u00e9rie de fatores sociais, psicol\u00f3gicos e ambientais que podem contribuir com a dor do paciente, como: o sono, as rela\u00e7\u00f5es familiares, ansiedade, depress\u00e3o, postura inadequada, trabalho, sedentarismo, uso de medica\u00e7\u00f5es e etc. Justamente por isso a avalia\u00e7\u00e3o deve ser criteriosa, atrav\u00e9s de uma entrevista m\u00e9dica completa e um exame minucioso.<\/p><p>A infiltra\u00e7\u00e3o ou\u00a0 bloqueio d coluna \u00e9 uma ferramenta importante para o cirurgi\u00e3o de coluna na avalia\u00e7\u00e3o da dor dos paciente. A infiltra\u00e7\u00e3o pode ser de v\u00e1rios tipos:<\/p>\t\t\t\t\t\t\t\t<\/div>\n\t\t\t\t<\/div>\n\t\t\t\t<div class=\"elementor-section elementor-inner-section elementor-element elementor-element-e06f38c elementor-section-boxed elementor-section-height-default elementor-section-height-default\" data-id=\"e06f38c\" data-element_type=\"section\" data-e-type=\"section\">\n\t\t\t\t\t\t<div class=\"elementor-container elementor-column-gap-default\">\n\t\t\t\t\t<div class=\"elementor-column elementor-col-50 elementor-inner-column elementor-element elementor-element-41f1870\" data-id=\"41f1870\" data-element_type=\"column\" data-e-type=\"column\">\n\t\t\t<div class=\"elementor-widget-wrap elementor-element-populated\">\n\t\t\t\t\t\t<div class=\"elementor-element elementor-element-5aa47df elementor-icon-list--layout-traditional elementor-list-item-link-full_width elementor-widget elementor-widget-icon-list\" data-id=\"5aa47df\" data-element_type=\"widget\" data-e-type=\"widget\" data-widget_type=\"icon-list.default\">\n\t\t\t\t<div class=\"elementor-widget-container\">\n\t\t\t\t\t\t\t<ul class=\"elementor-icon-list-items\">\n\t\t\t\t\t\t\t<li class=\"elementor-icon-list-item\">\n\t\t\t\t\t\t\t\t\t\t\t<span class=\"elementor-icon-list-icon\">\n\t\t\t\t\t\t\t<i aria-hidden=\"true\" class=\"ion ion-android-alert\"><\/i>\t\t\t\t\t\t<\/span>\n\t\t\t\t\t\t\t\t\t\t<span class=\"elementor-icon-list-text\">Infiltra\u00e7\u00e3o foraminal: colocamos uma dose de corticoide e um analg\u00e9sico na raiz nervosa que pode estar causando a dor.<\/span>\n\t\t\t\t\t\t\t\t\t<\/li>\n\t\t\t\t\t\t\t\t<li class=\"elementor-icon-list-item\">\n\t\t\t\t\t\t\t\t\t\t\t<span class=\"elementor-icon-list-icon\">\n\t\t\t\t\t\t\t<i aria-hidden=\"true\" class=\"ion ion-android-alert\"><\/i>\t\t\t\t\t\t<\/span>\n\t\t\t\t\t\t\t\t\t\t<span class=\"elementor-icon-list-text\">Infiltra\u00e7\u00e3o epidural: colocamos as medica\u00e7\u00f5es na proximidade de v\u00e1rios nervos que inervam as pernas para al\u00edvio da dor neruop\u00e1tica (dor nervosa).<\/span>\n\t\t\t\t\t\t\t\t\t<\/li>\n\t\t\t\t\t\t<\/ul>\n\t\t\t\t\t\t<\/div>\n\t\t\t\t<\/div>\n\t\t\t\t\t<\/div>\n\t\t<\/div>\n\t\t\t\t<div class=\"elementor-column elementor-col-50 elementor-inner-column elementor-element elementor-element-d779bd9\" data-id=\"d779bd9\" data-element_type=\"column\" data-e-type=\"column\">\n\t\t\t<div class=\"elementor-widget-wrap elementor-element-populated\">\n\t\t\t\t\t\t<div class=\"elementor-element elementor-element-b020447 elementor-icon-list--layout-traditional elementor-list-item-link-full_width elementor-widget elementor-widget-icon-list\" data-id=\"b020447\" data-element_type=\"widget\" data-e-type=\"widget\" data-widget_type=\"icon-list.default\">\n\t\t\t\t<div class=\"elementor-widget-container\">\n\t\t\t\t\t\t\t<ul class=\"elementor-icon-list-items\">\n\t\t\t\t\t\t\t<li class=\"elementor-icon-list-item\">\n\t\t\t\t\t\t\t\t\t\t\t<span class=\"elementor-icon-list-icon\">\n\t\t\t\t\t\t\t<i aria-hidden=\"true\" class=\"ion ion-android-alert\"><\/i>\t\t\t\t\t\t<\/span>\n\t\t\t\t\t\t\t\t\t\t<span class=\"elementor-icon-list-text\">Infiltra\u00e7\u00e3o de facetas: colocamos corticoide e uam anest\u00e9sico nas articula\u00e7\u00f5es posteriores da coluna.<\/span>\n\t\t\t\t\t\t\t\t\t<\/li>\n\t\t\t\t\t\t\t\t<li class=\"elementor-icon-list-item\">\n\t\t\t\t\t\t\t\t\t\t\t<span class=\"elementor-icon-list-icon\">\n\t\t\t\t\t\t\t<i aria-hidden=\"true\" class=\"ion ion-android-alert\"><\/i>\t\t\t\t\t\t<\/span>\n\t\t\t\t\t\t\t\t\t\t<span class=\"elementor-icon-list-text\">Infiltra\u00e7\u00e3o de pontos gatlhos musculares: Muitas vezes a musculatura se enrijece e surge espasmos musculares causados pela doen\u00e7a da coluna vertebral. Inclusive alguns \u201cn\u00f3s\u201d musculares dolorosos podem ser encontrados na palpa\u00e7\u00e3o dos m\u00fasculos. A infiltra\u00e7\u00e3o de pontos gatilhos consiste em injetar um anest\u00e9sico na musculatura.<\/span>\n\t\t\t\t\t\t\t\t\t<\/li>\n\t\t\t\t\t\t<\/ul>\n\t\t\t\t\t\t<\/div>\n\t\t\t\t<\/div>\n\t\t\t\t\t<\/div>\n\t\t<\/div>\n\t\t\t\t\t<\/div>\n\t\t<\/div>\n\t\t\t\t<div class=\"elementor-element elementor-element-162c4da elementor-widget elementor-widget-text-editor\" data-id=\"162c4da\" data-element_type=\"widget\" data-e-type=\"widget\" data-widget_type=\"text-editor.default\">\n\t\t\t\t<div class=\"elementor-widget-container\">\n\t\t\t\t\t\t\t\t\t<p>A infiltra\u00e7\u00e3o\/bloqueio, tem portanto um papel terap\u00eautico e diagn\u00f3stico. Terap\u00eautico porque ajuda no controle da dor, e diagn\u00f3stico porque ajuda o m\u00e9dico a descobrir a estrutura que est\u00e1 causando a dor do paciente.<\/p><p>O efeito do bloqueio \u00e9 muito vari\u00e1vel, muitas vezes a melhora definitiva da dor, isso n\u00e3o significa que o bloqueio curou o problema, mas ele foi um paliativo eficaz e provavelmente a dor sumiria sozinha com o tempo. Outras vezes o tratamento pode durar apenas dias ou semanas, esse \u00e9 considerado um resultado insatisfat\u00f3rio, mas mesmo assim ainda \u00e9 \u00fatil, pois ajuda o m\u00e9dico a entender a causa da dor do paciente.<\/p>\t\t\t\t\t\t\t\t<\/div>\n\t\t\t\t<\/div>\n\t\t\t\t\t<\/div>\n\t\t<\/div>\n\t\t\t\t\t<\/div>\n\t\t<\/div>\n\t\t\t\t<\/div>\n\t\t","protected":false},"excerpt":{"rendered":"<p>Infiltra\u00e7\u00e3o de coluna ou Bloqueio de coluna A dor lombar e a dor cervical s\u00e3o problemas de sa\u00fade muito comuns e afetam grande n\u00famero de pessoas. Esses dois problemas podem ser causados por uma s\u00e9rie de fatores, como: doen\u00e7a do disco, doen\u00e7a da musculatura, compress\u00e3o nervosa, artrose das articula\u00e7\u00f5es da coluna, desvio do alinhamento da [&hellip;]<\/p>\n","protected":false},"author":1,"featured_media":0,"parent":0,"menu_order":0,"comment_status":"closed","ping_status":"closed","template":"","meta":{"_acf_changed":false,"_monsterinsights_skip_tracking":false,"_monsterinsights_sitenote_active":false,"_monsterinsights_sitenote_note":"","_monsterinsights_sitenote_category":0,"_joinchat":[],"footnotes":""},"class_list":["post-3522","page","type-page","status-publish","hentry"],"acf":[],"_links":{"self":[{"href":"https:\/\/sites.creatycomunicacao.com\/drdaniloquadros\/wp-json\/wp\/v2\/pages\/3522","targetHints":{"allow":["GET"]}}],"collection":[{"href":"https:\/\/sites.creatycomunicacao.com\/drdaniloquadros\/wp-json\/wp\/v2\/pages"}],"about":[{"href":"https:\/\/sites.creatycomunicacao.com\/drdaniloquadros\/wp-json\/wp\/v2\/types\/page"}],"author":[{"embeddable":true,"href":"https:\/\/sites.creatycomunicacao.com\/drdaniloquadros\/wp-json\/wp\/v2\/users\/1"}],"replies":[{"embeddable":true,"href":"https:\/\/sites.creatycomunicacao.com\/drdaniloquadros\/wp-json\/wp\/v2\/comments?post=3522"}],"version-history":[{"count":20,"href":"https:\/\/sites.creatycomunicacao.com\/drdaniloquadros\/wp-json\/wp\/v2\/pages\/3522\/revisions"}],"predecessor-version":[{"id":17919,"href":"https:\/\/sites.creatycomunicacao.com\/drdaniloquadros\/wp-json\/wp\/v2\/pages\/3522\/revisions\/17919"}],"wp:attachment":[{"href":"https:\/\/sites.creatycomunicacao.com\/drdaniloquadros\/wp-json\/wp\/v2\/media?parent=3522"}],"curies":[{"name":"wp","href":"https:\/\/api.w.org\/{rel}","templated":true}]}}