{"id":3518,"date":"2021-12-09T06:26:26","date_gmt":"2021-12-09T06:26:26","guid":{"rendered":"https:\/\/medicate.peacefulqode.com\/?page_id=3518"},"modified":"2023-04-04T19:47:01","modified_gmt":"2023-04-04T19:47:01","slug":"cirurgia-endoscopica-da-coluna","status":"publish","type":"page","link":"https:\/\/sites.creatycomunicacao.com\/drdaniloquadros\/cirurgia-endoscopica-da-coluna\/","title":{"rendered":"Cirurgia endosc\u00f3pica da coluna"},"content":{"rendered":"\t\t<div data-elementor-type=\"wp-page\" data-elementor-id=\"3518\" class=\"elementor elementor-3518\">\n\t\t\t\t\t\t<div class=\"elementor-section elementor-top-section elementor-element elementor-element-57afc3e elementor-section-stretched elementor-section-boxed elementor-section-height-default elementor-section-height-default\" data-id=\"57afc3e\" data-element_type=\"section\" data-e-type=\"section\" data-settings=\"{&quot;stretch_section&quot;:&quot;section-stretched&quot;}\">\n\t\t\t\t\t\t<div class=\"elementor-container elementor-column-gap-default\">\n\t\t\t\t\t<div class=\"elementor-column elementor-col-100 elementor-top-column elementor-element elementor-element-dd25c4b\" data-id=\"dd25c4b\" data-element_type=\"column\" data-e-type=\"column\">\n\t\t\t<div class=\"elementor-widget-wrap elementor-element-populated\">\n\t\t\t\t\t\t<div class=\"elementor-element elementor-element-386121d elementor-widget elementor-widget-image\" data-id=\"386121d\" data-element_type=\"widget\" data-e-type=\"widget\" data-widget_type=\"image.default\">\n\t\t\t\t<div class=\"elementor-widget-container\">\n\t\t\t\t\t\t\t\t\t\t\t\t\t\t\t<img fetchpriority=\"high\" decoding=\"async\" width=\"1080\" height=\"671\" src=\"https:\/\/sites.creatycomunicacao.com\/drdaniloquadros\/wp-content\/uploads\/2023\/04\/Endoscopia.jpg\" class=\"attachment-full size-full wp-image-18028\" alt=\"\" srcset=\"https:\/\/sites.creatycomunicacao.com\/drdaniloquadros\/wp-content\/uploads\/2023\/04\/Endoscopia.jpg 1080w, https:\/\/sites.creatycomunicacao.com\/drdaniloquadros\/wp-content\/uploads\/2023\/04\/Endoscopia-300x186.jpg 300w, https:\/\/sites.creatycomunicacao.com\/drdaniloquadros\/wp-content\/uploads\/2023\/04\/Endoscopia-1024x636.jpg 1024w, https:\/\/sites.creatycomunicacao.com\/drdaniloquadros\/wp-content\/uploads\/2023\/04\/Endoscopia-768x477.jpg 768w\" sizes=\"(max-width: 1080px) 100vw, 1080px\" \/>\t\t\t\t\t\t\t\t\t\t\t\t\t\t\t<\/div>\n\t\t\t\t<\/div>\n\t\t\t\t<div class=\"elementor-element elementor-element-6869ad1 elementor-widget elementor-widget-heading\" data-id=\"6869ad1\" data-element_type=\"widget\" data-e-type=\"widget\" data-widget_type=\"heading.default\">\n\t\t\t\t<div class=\"elementor-widget-container\">\n\t\t\t\t\t<h4 class=\"elementor-heading-title elementor-size-default\">Cirurgia endosc\u00f3pica da coluna<\/h4>\t\t\t\t<\/div>\n\t\t\t\t<\/div>\n\t\t\t\t<div class=\"elementor-element elementor-element-65ee266 elementor-widget elementor-widget-text-editor\" data-id=\"65ee266\" data-element_type=\"widget\" data-e-type=\"widget\" data-widget_type=\"text-editor.default\">\n\t\t\t\t<div class=\"elementor-widget-container\">\n\t\t\t\t\t\t\t\t\t<p>No passado a cirurgia de coluna era realizada atrav\u00e9s de grandes incis\u00f5es com muita retra\u00e7\u00e3o muscular, maior volume de sangramento e necessitava ficar alguns dias internados para poder se recuperar. Com o avan\u00e7o tecnol\u00f3gico na medicina diversas especialidades desenvolveram t\u00e9cnicas cada vez mais minimamente invasivas com menor dano ao paciente e melhore recupera\u00e7\u00e3o, como \u00e9 o caso da laparoscopia e da cirurgia rob\u00f3tica nas cirurgias abfdominais e urol\u00f3gicas.<\/p><p>Na cirurgia de coluna esse avan\u00e7o n\u00e3o foi diferente. Nos \u00faltimos 20 anos houve grande avan\u00e7o nas t\u00e9cnicas minimamente invasivas, at\u00e9 se chegar a menor incis\u00e3o poss\u00edvel capaz de resolver o problema. Atualmente a t\u00e9cnica que melhor representa esse avan\u00e7o na cirurgia de coluna \u00e9 a cirurgia endosc\u00f3pica. Atrav\u00e9s de uma pequena incis\u00e3o (1,5cm) o cirurgi\u00e3o consegue acessar a coluna vertebral atrav\u00e9s de um tubo bem fino.<\/p><p>Esse acesso cir\u00fargico \u00e9 utilizado para tratar h\u00e9rnias de disco, canas da coluna estreitados e outras compress\u00f5es nervosas. Devido a seu calibre reduzido e acesso minimamente invasivo, a endoscopia de coluna quase n\u00e3o lesa a musculatura e os demais tecido. Isso resulta em menor dor no p\u00f3s-operat\u00f3rio, alta precoce (muitas vezes no mesmo dia), retorno precoce as atividades f\u00edsicas e at\u00e9 o trabalho.<\/p><p>O Dr Danilo Quadro possui especializa\u00e7\u00e3o em t\u00e9cnicas minimamente invasivos e muita experi\u00eancia na t\u00e9cnica endosc\u00f3pica.<\/p>\t\t\t\t\t\t\t\t<\/div>\n\t\t\t\t<\/div>\n\t\t\t\t\t<\/div>\n\t\t<\/div>\n\t\t\t\t\t<\/div>\n\t\t<\/div>\n\t\t\t\t<\/div>\n\t\t","protected":false},"excerpt":{"rendered":"<p>Cirurgia endosc\u00f3pica da coluna No passado a cirurgia de coluna era realizada atrav\u00e9s de grandes incis\u00f5es com muita retra\u00e7\u00e3o muscular, maior volume de sangramento e necessitava ficar alguns dias internados para poder se recuperar. Com o avan\u00e7o tecnol\u00f3gico na medicina diversas especialidades desenvolveram t\u00e9cnicas cada vez mais minimamente invasivas com menor dano ao paciente e [&hellip;]<\/p>\n","protected":false},"author":1,"featured_media":0,"parent":0,"menu_order":0,"comment_status":"closed","ping_status":"closed","template":"","meta":{"_acf_changed":false,"_monsterinsights_skip_tracking":false,"_monsterinsights_sitenote_active":false,"_monsterinsights_sitenote_note":"","_monsterinsights_sitenote_category":0,"_joinchat":[],"footnotes":""},"class_list":["post-3518","page","type-page","status-publish","hentry"],"acf":[],"_links":{"self":[{"href":"https:\/\/sites.creatycomunicacao.com\/drdaniloquadros\/wp-json\/wp\/v2\/pages\/3518","targetHints":{"allow":["GET"]}}],"collection":[{"href":"https:\/\/sites.creatycomunicacao.com\/drdaniloquadros\/wp-json\/wp\/v2\/pages"}],"about":[{"href":"https:\/\/sites.creatycomunicacao.com\/drdaniloquadros\/wp-json\/wp\/v2\/types\/page"}],"author":[{"embeddable":true,"href":"https:\/\/sites.creatycomunicacao.com\/drdaniloquadros\/wp-json\/wp\/v2\/users\/1"}],"replies":[{"embeddable":true,"href":"https:\/\/sites.creatycomunicacao.com\/drdaniloquadros\/wp-json\/wp\/v2\/comments?post=3518"}],"version-history":[{"count":17,"href":"https:\/\/sites.creatycomunicacao.com\/drdaniloquadros\/wp-json\/wp\/v2\/pages\/3518\/revisions"}],"predecessor-version":[{"id":18046,"href":"https:\/\/sites.creatycomunicacao.com\/drdaniloquadros\/wp-json\/wp\/v2\/pages\/3518\/revisions\/18046"}],"wp:attachment":[{"href":"https:\/\/sites.creatycomunicacao.com\/drdaniloquadros\/wp-json\/wp\/v2\/media?parent=3518"}],"curies":[{"name":"wp","href":"https:\/\/api.w.org\/{rel}","templated":true}]}}