{"id":3494,"date":"2021-12-09T06:09:42","date_gmt":"2021-12-09T06:09:42","guid":{"rendered":"https:\/\/medicate.peacefulqode.com\/?page_id=3494"},"modified":"2023-04-04T19:41:50","modified_gmt":"2023-04-04T19:41:50","slug":"artrodese-de-coluna","status":"publish","type":"page","link":"https:\/\/sites.creatycomunicacao.com\/drdaniloquadros\/artrodese-de-coluna\/","title":{"rendered":"Artrodese de coluna"},"content":{"rendered":"\t\t<div data-elementor-type=\"wp-page\" data-elementor-id=\"3494\" class=\"elementor elementor-3494\">\n\t\t\t\t\t\t<div class=\"elementor-section elementor-top-section elementor-element elementor-element-5256a7e elementor-section-stretched elementor-section-boxed elementor-section-height-default elementor-section-height-default\" data-id=\"5256a7e\" data-element_type=\"section\" data-e-type=\"section\" data-settings=\"{&quot;stretch_section&quot;:&quot;section-stretched&quot;}\">\n\t\t\t\t\t\t<div class=\"elementor-container elementor-column-gap-default\">\n\t\t\t\t\t<div class=\"elementor-column elementor-col-100 elementor-top-column elementor-element elementor-element-b67a8c8\" data-id=\"b67a8c8\" data-element_type=\"column\" data-e-type=\"column\">\n\t\t\t<div class=\"elementor-widget-wrap elementor-element-populated\">\n\t\t\t\t\t\t<div class=\"elementor-element elementor-element-74f2325 elementor-widget elementor-widget-image\" data-id=\"74f2325\" data-element_type=\"widget\" data-e-type=\"widget\" data-widget_type=\"image.default\">\n\t\t\t\t<div class=\"elementor-widget-container\">\n\t\t\t\t\t\t\t\t\t\t\t\t\t\t\t<img fetchpriority=\"high\" decoding=\"async\" width=\"1600\" height=\"842\" src=\"https:\/\/sites.creatycomunicacao.com\/drdaniloquadros\/wp-content\/uploads\/2023\/04\/artrose-de-coluna.jpg\" class=\"attachment-full size-full wp-image-18033\" alt=\"\" srcset=\"https:\/\/sites.creatycomunicacao.com\/drdaniloquadros\/wp-content\/uploads\/2023\/04\/artrose-de-coluna.jpg 1600w, https:\/\/sites.creatycomunicacao.com\/drdaniloquadros\/wp-content\/uploads\/2023\/04\/artrose-de-coluna-300x158.jpg 300w, https:\/\/sites.creatycomunicacao.com\/drdaniloquadros\/wp-content\/uploads\/2023\/04\/artrose-de-coluna-1024x539.jpg 1024w, https:\/\/sites.creatycomunicacao.com\/drdaniloquadros\/wp-content\/uploads\/2023\/04\/artrose-de-coluna-768x404.jpg 768w, https:\/\/sites.creatycomunicacao.com\/drdaniloquadros\/wp-content\/uploads\/2023\/04\/artrose-de-coluna-1536x808.jpg 1536w\" sizes=\"(max-width: 1600px) 100vw, 1600px\" \/>\t\t\t\t\t\t\t\t\t\t\t\t\t\t\t<\/div>\n\t\t\t\t<\/div>\n\t\t\t\t<div class=\"elementor-element elementor-element-6c78655 elementor-widget elementor-widget-heading\" data-id=\"6c78655\" data-element_type=\"widget\" data-e-type=\"widget\" data-widget_type=\"heading.default\">\n\t\t\t\t<div class=\"elementor-widget-container\">\n\t\t\t\t\t<h4 class=\"elementor-heading-title elementor-size-default\">Artrodese de coluna<\/h4>\t\t\t\t<\/div>\n\t\t\t\t<\/div>\n\t\t\t\t<div class=\"elementor-element elementor-element-1332a81 elementor-widget elementor-widget-text-editor\" data-id=\"1332a81\" data-element_type=\"widget\" data-e-type=\"widget\" data-widget_type=\"text-editor.default\">\n\t\t\t\t<div class=\"elementor-widget-container\">\n\t\t\t\t\t\t\t\t\t<p>A artrodese de coluna significa a realizar a fixa\u00e7\u00e3o de uma ou mais v\u00e9rtebras para que elas se tornem um bloco \u00fanico, como se fosse uma \u00fanica v\u00e9rtebra. A artrodese de coluna \u00e9 um procedimento \u00fatil e eficaz para tratar uma s\u00e9rie de doen\u00e7as da coluna vertebral como: espondilolistese(escorregamento de uma v\u00e9rtebra sobre a outra, trauma da coluna vertebral (como uma fratura por exemploe), doen\u00e7as degenerativas mais graves com deformidade da coluna, escoliose e muitas outras doen\u00e7as.<\/p><p>Existe um certo mito de a artrodese \u00e9 necessariamente um procedimento agressivo e que o paciente n\u00e3o poder\u00e1 retornar as suas atividades di\u00e1rias, mas isso n\u00e3o \u00e9 verdade. O grande respons\u00e1vel por essa fama ruim das artrodeses s\u00e3o as m\u00e1s indica\u00e7\u00f5es feitas por cirurgi\u00f5es que n\u00e3o respeitam os princ\u00edpios de biomec\u00e2nica e o passo-a-passo da boa indica\u00e7\u00e3o cir\u00fargica. Al\u00e9m disso Apesar da fama de ser um tratamento mais agressivo a artrodese hoje tamb\u00e9m pode ser realizada de maneira minimamente invasiva, hoje em dia \u00e9 poss\u00edvel colocar cages (<br \/>dispositivo que entra entre as vertebra) e parafusos com cortes m\u00ednimos, pouco sangramento, e pouco dano tecidual.<\/p><p>Dr Danilo Quadros tem uma especializa\u00e7\u00e3o em doen\u00e7as complexas da coluna vertebral feito em Chicago-EUA e sempre opta por realizara as cirurgias respeitando os conceitos da cirurgia minimamente invasiva da coluna vertebral.<\/p>\t\t\t\t\t\t\t\t<\/div>\n\t\t\t\t<\/div>\n\t\t\t\t\t<\/div>\n\t\t<\/div>\n\t\t\t\t\t<\/div>\n\t\t<\/div>\n\t\t\t\t<\/div>\n\t\t","protected":false},"excerpt":{"rendered":"<p>Artrodese de coluna A artrodese de coluna significa a realizar a fixa\u00e7\u00e3o de uma ou mais v\u00e9rtebras para que elas se tornem um bloco \u00fanico, como se fosse uma \u00fanica v\u00e9rtebra. A artrodese de coluna \u00e9 um procedimento \u00fatil e eficaz para tratar uma s\u00e9rie de doen\u00e7as da coluna vertebral como: espondilolistese(escorregamento de uma v\u00e9rtebra [&hellip;]<\/p>\n","protected":false},"author":1,"featured_media":0,"parent":0,"menu_order":0,"comment_status":"closed","ping_status":"closed","template":"","meta":{"_acf_changed":false,"_monsterinsights_skip_tracking":false,"_monsterinsights_sitenote_active":false,"_monsterinsights_sitenote_note":"","_monsterinsights_sitenote_category":0,"_joinchat":[],"footnotes":""},"class_list":["post-3494","page","type-page","status-publish","hentry"],"acf":[],"_links":{"self":[{"href":"https:\/\/sites.creatycomunicacao.com\/drdaniloquadros\/wp-json\/wp\/v2\/pages\/3494","targetHints":{"allow":["GET"]}}],"collection":[{"href":"https:\/\/sites.creatycomunicacao.com\/drdaniloquadros\/wp-json\/wp\/v2\/pages"}],"about":[{"href":"https:\/\/sites.creatycomunicacao.com\/drdaniloquadros\/wp-json\/wp\/v2\/types\/page"}],"author":[{"embeddable":true,"href":"https:\/\/sites.creatycomunicacao.com\/drdaniloquadros\/wp-json\/wp\/v2\/users\/1"}],"replies":[{"embeddable":true,"href":"https:\/\/sites.creatycomunicacao.com\/drdaniloquadros\/wp-json\/wp\/v2\/comments?post=3494"}],"version-history":[{"count":23,"href":"https:\/\/sites.creatycomunicacao.com\/drdaniloquadros\/wp-json\/wp\/v2\/pages\/3494\/revisions"}],"predecessor-version":[{"id":18036,"href":"https:\/\/sites.creatycomunicacao.com\/drdaniloquadros\/wp-json\/wp\/v2\/pages\/3494\/revisions\/18036"}],"wp:attachment":[{"href":"https:\/\/sites.creatycomunicacao.com\/drdaniloquadros\/wp-json\/wp\/v2\/media?parent=3494"}],"curies":[{"name":"wp","href":"https:\/\/api.w.org\/{rel}","templated":true}]}}