{"id":3490,"date":"2021-12-09T06:09:15","date_gmt":"2021-12-09T06:09:15","guid":{"rendered":"https:\/\/medicate.peacefulqode.com\/?page_id=3490"},"modified":"2023-03-25T19:33:59","modified_gmt":"2023-03-25T19:33:59","slug":"microdiscectomia-cervical","status":"publish","type":"page","link":"https:\/\/sites.creatycomunicacao.com\/drdaniloquadros\/microdiscectomia-cervical\/","title":{"rendered":"Microdiscectomia cervical"},"content":{"rendered":"\t\t<div data-elementor-type=\"wp-page\" data-elementor-id=\"3490\" class=\"elementor elementor-3490\">\n\t\t\t\t\t\t<div class=\"elementor-section elementor-top-section elementor-element elementor-element-f4648d5 elementor-section-stretched elementor-section-boxed elementor-section-height-default elementor-section-height-default\" data-id=\"f4648d5\" data-element_type=\"section\" data-e-type=\"section\" data-settings=\"{&quot;stretch_section&quot;:&quot;section-stretched&quot;}\">\n\t\t\t\t\t\t<div class=\"elementor-container elementor-column-gap-default\">\n\t\t\t\t\t<div class=\"elementor-column elementor-col-100 elementor-top-column elementor-element elementor-element-299e852\" data-id=\"299e852\" data-element_type=\"column\" data-e-type=\"column\">\n\t\t\t<div class=\"elementor-widget-wrap elementor-element-populated\">\n\t\t\t\t\t\t<div class=\"elementor-element elementor-element-c16d686 elementor-widget elementor-widget-image\" data-id=\"c16d686\" data-element_type=\"widget\" data-e-type=\"widget\" data-widget_type=\"image.default\">\n\t\t\t\t<div class=\"elementor-widget-container\">\n\t\t\t\t\t\t\t\t\t\t\t\t\t\t\t<img fetchpriority=\"high\" decoding=\"async\" width=\"563\" height=\"562\" src=\"https:\/\/sites.creatycomunicacao.com\/drdaniloquadros\/wp-content\/uploads\/2023\/03\/cervical-1.jpg\" class=\"attachment-full size-full wp-image-17620\" alt=\"\" srcset=\"https:\/\/sites.creatycomunicacao.com\/drdaniloquadros\/wp-content\/uploads\/2023\/03\/cervical-1.jpg 563w, https:\/\/sites.creatycomunicacao.com\/drdaniloquadros\/wp-content\/uploads\/2023\/03\/cervical-1-300x300.jpg 300w, https:\/\/sites.creatycomunicacao.com\/drdaniloquadros\/wp-content\/uploads\/2023\/03\/cervical-1-150x150.jpg 150w\" sizes=\"(max-width: 563px) 100vw, 563px\" \/>\t\t\t\t\t\t\t\t\t\t\t\t\t\t\t<\/div>\n\t\t\t\t<\/div>\n\t\t\t\t<div class=\"elementor-element elementor-element-d784867 elementor-widget elementor-widget-heading\" data-id=\"d784867\" data-element_type=\"widget\" data-e-type=\"widget\" data-widget_type=\"heading.default\">\n\t\t\t\t<div class=\"elementor-widget-container\">\n\t\t\t\t\t<h4 class=\"elementor-heading-title elementor-size-default\"><h2><h2>Microdiscectomia cervical<\/h2><\/h2><\/h4>\t\t\t\t<\/div>\n\t\t\t\t<\/div>\n\t\t\t\t<div class=\"elementor-element elementor-element-2b028e7 elementor-widget elementor-widget-text-editor\" data-id=\"2b028e7\" data-element_type=\"widget\" data-e-type=\"widget\" data-widget_type=\"text-editor.default\">\n\t\t\t\t<div class=\"elementor-widget-container\">\n\t\t\t\t\t\t\t\t\t<p>A coluna cervical \u00e9 formada por sete v\u00e9rtebras e entre duas v\u00e9rtebras n\u00f3s temos o disco intervertebral. \u00c9 comum em adultos e idosos que o disco vertebral sofra altera\u00e7\u00f5es degenerativas e causem hernia\u00e7\u00f5es do conte\u00fado do disco para as estruturas adjacentes. Quando a h\u00e9rnia comprime a raiz nervosa ela pode causar uma dor irradiada para a cabe\u00e7a, para a esc\u00e1pula, para a nuca, para o ombro ou para o bra\u00e7o e m\u00e3o. Quando a h\u00e9rnia vai em dire\u00e7\u00e3o posterior ela pode comprimir a medula, essas s\u00e3o mais graves, pois podem gerar les\u00e3o medular com risco de perda da for\u00e7a e sensibilidade dos bra\u00e7os e das pernas.<\/p><p>A t\u00e9cnica mais frequentemente utilizada para tratar as h\u00e9rnias de disco cervical \u00e9 a microdiscectomia cervical via anterior. Esse procedimento \u00e9 feito atrav\u00e9s de um corte no pesco\u00e7o e o acesso \u00e9 feito entre as estruturas do pesco\u00e7o, como es\u00f4fago, traqueia e vasos cervicais, que s\u00e3o retra\u00eddos lateralmente.<\/p><p>Quando de frente para coluna cervical o cirurgi\u00e3o retira todo o disco intervertebral inclusive a parte herniada e substitui o disco por um \u201ccal\u00e7o\u201d que chamamos de cage. Outra op\u00e7\u00e3o \u00e9 substituir o disco por um disco artificial, esse s\u00f3 pode ser utilizado em casos selecionados.<\/p><p>Apesar de ser assustador uma cirurgia pelo pesco\u00e7o essa \u00e9 uma cirurgia extremamente segura, possui os melhores resultados em cirurgia de coluna, com baixo risco de complica\u00e7\u00f5es e excelente resultado est\u00e9tico e funcional.<\/p><p><strong>Dr Danilo Quadros fez resid\u00eancia m\u00e9dica e especializa\u00e7\u00e3o de coluna no Hospital das Cl\u00ednicas da USP, o maior centro hospitalar da Am\u00e9rica Latina e por isso adquiriu grande experi\u00eancia na cirurgia de microdiscectomia de coluna cervical.<\/strong><\/p>\t\t\t\t\t\t\t\t<\/div>\n\t\t\t\t<\/div>\n\t\t\t\t\t<\/div>\n\t\t<\/div>\n\t\t\t\t\t<\/div>\n\t\t<\/div>\n\t\t\t\t<\/div>\n\t\t","protected":false},"excerpt":{"rendered":"<p>Microdiscectomia cervical A coluna cervical \u00e9 formada por sete v\u00e9rtebras e entre duas v\u00e9rtebras n\u00f3s temos o disco intervertebral. \u00c9 comum em adultos e idosos que o disco vertebral sofra altera\u00e7\u00f5es degenerativas e causem hernia\u00e7\u00f5es do conte\u00fado do disco para as estruturas adjacentes. Quando a h\u00e9rnia comprime a raiz nervosa ela pode causar uma dor [&hellip;]<\/p>\n","protected":false},"author":1,"featured_media":0,"parent":0,"menu_order":0,"comment_status":"closed","ping_status":"closed","template":"","meta":{"_acf_changed":false,"_monsterinsights_skip_tracking":false,"_monsterinsights_sitenote_active":false,"_monsterinsights_sitenote_note":"","_monsterinsights_sitenote_category":0,"_joinchat":[],"footnotes":""},"class_list":["post-3490","page","type-page","status-publish","hentry"],"acf":[],"_links":{"self":[{"href":"https:\/\/sites.creatycomunicacao.com\/drdaniloquadros\/wp-json\/wp\/v2\/pages\/3490","targetHints":{"allow":["GET"]}}],"collection":[{"href":"https:\/\/sites.creatycomunicacao.com\/drdaniloquadros\/wp-json\/wp\/v2\/pages"}],"about":[{"href":"https:\/\/sites.creatycomunicacao.com\/drdaniloquadros\/wp-json\/wp\/v2\/types\/page"}],"author":[{"embeddable":true,"href":"https:\/\/sites.creatycomunicacao.com\/drdaniloquadros\/wp-json\/wp\/v2\/users\/1"}],"replies":[{"embeddable":true,"href":"https:\/\/sites.creatycomunicacao.com\/drdaniloquadros\/wp-json\/wp\/v2\/comments?post=3490"}],"version-history":[{"count":13,"href":"https:\/\/sites.creatycomunicacao.com\/drdaniloquadros\/wp-json\/wp\/v2\/pages\/3490\/revisions"}],"predecessor-version":[{"id":17916,"href":"https:\/\/sites.creatycomunicacao.com\/drdaniloquadros\/wp-json\/wp\/v2\/pages\/3490\/revisions\/17916"}],"wp:attachment":[{"href":"https:\/\/sites.creatycomunicacao.com\/drdaniloquadros\/wp-json\/wp\/v2\/media?parent=3490"}],"curies":[{"name":"wp","href":"https:\/\/api.w.org\/{rel}","templated":true}]}}