{"id":736,"date":"2025-01-20T20:05:37","date_gmt":"2025-01-20T20:05:37","guid":{"rendered":"https:\/\/sites.creatycomunicacao.com\/dramarinapamponet\/?page_id=736"},"modified":"2025-01-20T21:40:49","modified_gmt":"2025-01-20T21:40:49","slug":"doencas-intestinais","status":"publish","type":"page","link":"https:\/\/sites.creatycomunicacao.com\/dramarinapamponet\/?page_id=736","title":{"rendered":"Doen\u00e7as intestinais"},"content":{"rendered":"\t\t<div data-elementor-type=\"wp-page\" data-elementor-id=\"736\" class=\"elementor elementor-736\">\n\t\t\t\t<div class=\"elementor-element elementor-element-27d7fb4 e-flex e-con-boxed e-con e-parent\" data-id=\"27d7fb4\" data-element_type=\"container\" data-settings=\"{&quot;background_background&quot;:&quot;classic&quot;}\">\n\t\t\t\t\t<div class=\"e-con-inner\">\n\t\t\t\t<div class=\"elementor-element elementor-element-a2ba9d5 elementor-widget__width-initial elementor-widget elementor-widget-heading\" data-id=\"a2ba9d5\" data-element_type=\"widget\" data-widget_type=\"heading.default\">\n\t\t\t\t<div class=\"elementor-widget-container\">\n\t\t\t\t\t<h2 class=\"elementor-heading-title elementor-size-default\">Doen\u00e7as Inflamat\u00f3rias Intestinais (DII)<\/h2>\t\t\t\t<\/div>\n\t\t\t\t<\/div>\n\t\t\t\t\t<\/div>\n\t\t\t\t<\/div>\n\t\t<div class=\"elementor-element elementor-element-7a1bc5f e-flex e-con-boxed e-con e-parent\" data-id=\"7a1bc5f\" data-element_type=\"container\">\n\t\t\t\t\t<div class=\"e-con-inner\">\n\t\t\t\t<div class=\"elementor-element elementor-element-5ccc8ae elementor-widget elementor-widget-text-editor\" data-id=\"5ccc8ae\" data-element_type=\"widget\" data-widget_type=\"text-editor.default\">\n\t\t\t\t<div class=\"elementor-widget-container\">\n\t\t\t\t\t\t\t\t\t<p class=\"p1\">As <strong>doen\u00e7as intestinais<\/strong> s\u00e3o condi\u00e7\u00f5es tratadas pelo gastroenterologista. Entretanto, com o avan\u00e7o da medicina, as especialidades t\u00eam se tornado cada vez mais subespecializadas, e alguns gastroenterologistas t\u00eam se dedicado a \u00e1reas espec\u00edficas. Os progressos t\u00eam sido significativos, ampliando a compreens\u00e3o sobre a preven\u00e7\u00e3o, diagn\u00f3stico e tratamento das doen\u00e7as intestinais.<\/p><p class=\"p1\">A <strong>Dra Marina Pamponet<\/strong> \u00e9 uma gastroenterologista com enfoque nas doen\u00e7as intestinais. Doutora pela Universidade de S\u00e3o Paulo (USP), atua como Professora Adjunta da Universidade Federal da Bahia (UFBA), onde \u00e9 respons\u00e1vel pelo Ambulat\u00f3rio de Doen\u00e7as Inflamat\u00f3rias Intestinais e tamb\u00e9m \u00e9 preceptora da Resid\u00eancia de Gastroenterologia. Al\u00e9m disso, \u00e9 membro do Grupo de Estudos da Doen\u00e7a Inflamat\u00f3ria Intestinal do Brasil (GEDIIB), dedicando-se especialmente ao cuidado e manejo de pacientes com doen\u00e7as intestinais.<\/p><p class=\"p1\">Atualmente, sabemos que a sa\u00fade intestinal n\u00e3o se limita apenas a quest\u00f5es relacionadas ao pr\u00f3prio trato digestivo, mas est\u00e1 intimamente conectada a diversas outras doen\u00e7as que afetam diferentes \u00f3rg\u00e3os e sistemas do corpo. Essa integra\u00e7\u00e3o refor\u00e7a a import\u00e2ncia de uma abordagem abrangente e especializada para o cuidado intestinal.<\/p><p class=\"p1\">Um gastroenterologista que tenha enfoque e experi\u00eancia no acompanhamento de doen\u00e7as intestinais pode fazer uma grande diferen\u00e7a nos resultados do tratamento. A seguir, est\u00e3o listadas as principais doen\u00e7as intestinais.<\/p>\t\t\t\t\t\t\t\t<\/div>\n\t\t\t\t<\/div>\n\t\t\t\t\t<\/div>\n\t\t\t\t<\/div>\n\t\t<div class=\"elementor-element elementor-element-00ba520 e-flex e-con-boxed e-con e-parent\" data-id=\"00ba520\" data-element_type=\"container\">\n\t\t\t\t\t<div class=\"e-con-inner\">\n\t\t<div class=\"elementor-element elementor-element-f6c4b63 e-con-full e-flex e-con e-child\" data-id=\"f6c4b63\" data-element_type=\"container\">\n\t\t<div class=\"elementor-element elementor-element-ce9e1b3 e-con-full e-flex e-con e-child\" data-id=\"ce9e1b3\" data-element_type=\"container\">\n\t\t\t\t<div class=\"elementor-element elementor-element-49fd38e elementor-widget elementor-widget-icon-box\" data-id=\"49fd38e\" data-element_type=\"widget\" data-widget_type=\"icon-box.default\">\n\t\t\t\t<div class=\"elementor-widget-container\">\n\t\t\t\t\t\t\t<div class=\"elementor-icon-box-wrapper\">\n\n\t\t\t\n\t\t\t\t\t\t<div class=\"elementor-icon-box-content\">\n\n\t\t\t\t\t\t\t\t\t<h3 class=\"elementor-icon-box-title\">\n\t\t\t\t\t\t<span  >\n\t\t\t\t\t\t\tDoen\u00e7as Inflamat\u00f3rias Intestinais (DII)\t\t\t\t\t\t<\/span>\n\t\t\t\t\t<\/h3>\n\t\t\t\t\n\t\t\t\t\t\t\t\t\t<p class=\"elementor-icon-box-description\">\n\t\t\t\t\t\tDoen\u00e7a de Crohn: Inflama\u00e7\u00e3o cr\u00f4nica que pode afetar qualquer parte do trato gastrointestinal, mas \u00e9 mais comum no intestino delgado e grosso. <\/br>\nColite Ulcerativa: Inflama\u00e7\u00e3o limitada ao c\u00f3lon e ao reto, causando \u00falceras na mucosa intestinal.\t\t\t\t\t<\/p>\n\t\t\t\t\n\t\t\t<\/div>\n\t\t\t\n\t\t<\/div>\n\t\t\t\t\t\t<\/div>\n\t\t\t\t<\/div>\n\t\t\t\t<div class=\"elementor-element elementor-element-57d5409 elementor-widget elementor-widget-icon-box\" data-id=\"57d5409\" data-element_type=\"widget\" data-widget_type=\"icon-box.default\">\n\t\t\t\t<div class=\"elementor-widget-container\">\n\t\t\t\t\t\t\t<div class=\"elementor-icon-box-wrapper\">\n\n\t\t\t\n\t\t\t\t\t\t<div class=\"elementor-icon-box-content\">\n\n\t\t\t\t\t\t\t\t\t<h3 class=\"elementor-icon-box-title\">\n\t\t\t\t\t\t<span  >\n\t\t\t\t\t\t\tInfec\u00e7\u00f5es intestinais agudas e cr\u00f4nicas\t\t\t\t\t\t<\/span>\n\t\t\t\t\t<\/h3>\n\t\t\t\t\n\t\t\t\t\t\t\t\t\t<p class=\"elementor-icon-box-description\">\n\t\t\t\t\t\t\nInfec\u00e7\u00f5es bacterianas (Salmonella, Shigella, E. coli, Clostridioides difficile)<\/br>\nInfec\u00e7\u00f5es virais (norov\u00edrus, rotav\u00edrus)<\/br>\nParasitoses intestinais (Giardia lamblia, Entamoeba histolytica) <\/br>\t\t\t\t\t<\/p>\n\t\t\t\t\n\t\t\t<\/div>\n\t\t\t\n\t\t<\/div>\n\t\t\t\t\t\t<\/div>\n\t\t\t\t<\/div>\n\t\t\t\t<div class=\"elementor-element elementor-element-90dea9d elementor-widget elementor-widget-icon-box\" data-id=\"90dea9d\" data-element_type=\"widget\" data-widget_type=\"icon-box.default\">\n\t\t\t\t<div class=\"elementor-widget-container\">\n\t\t\t\t\t\t\t<div class=\"elementor-icon-box-wrapper\">\n\n\t\t\t\n\t\t\t\t\t\t<div class=\"elementor-icon-box-content\">\n\n\t\t\t\t\t\t\t\t\t<h3 class=\"elementor-icon-box-title\">\n\t\t\t\t\t\t<span  >\n\t\t\t\t\t\t\tC\u00e2ncer Colorretal e P\u00f3lipos Intestinais\t\t\t\t\t\t<\/span>\n\t\t\t\t\t<\/h3>\n\t\t\t\t\n\t\t\t\t\t\t\t\t\t<p class=\"elementor-icon-box-description\">\n\t\t\t\t\t\tC\u00e2ncer Colorretal: Tumor maligno que afeta o c\u00f3lon ou o reto. <br>\nP\u00f3lipos: Crescimentos anormais na mucosa intestinal, que podem ser precussores do c\u00e2ncer.\n\t\t\t\t\t<\/p>\n\t\t\t\t\n\t\t\t<\/div>\n\t\t\t\n\t\t<\/div>\n\t\t\t\t\t\t<\/div>\n\t\t\t\t<\/div>\n\t\t\t\t<div class=\"elementor-element elementor-element-fca9e8c elementor-widget elementor-widget-icon-box\" data-id=\"fca9e8c\" data-element_type=\"widget\" data-widget_type=\"icon-box.default\">\n\t\t\t\t<div class=\"elementor-widget-container\">\n\t\t\t\t\t\t\t<div class=\"elementor-icon-box-wrapper\">\n\n\t\t\t\n\t\t\t\t\t\t<div class=\"elementor-icon-box-content\">\n\n\t\t\t\t\t\t\t\t\t<h3 class=\"elementor-icon-box-title\">\n\t\t\t\t\t\t<span  >\n\t\t\t\t\t\t\tDoen\u00e7as Vasculares do Intestino\t\t\t\t\t\t<\/span>\n\t\t\t\t\t<\/h3>\n\t\t\t\t\n\t\t\t\t\t\t\t\t\t<p class=\"elementor-icon-box-description\">\n\t\t\t\t\t\t<strong>Isquemia intestinal: <\/strong>Redu\u00e7\u00e3o do fluxo sangu\u00edneo para o intestino, causando dor abdominal e necrose.<br>\n<strong>Angiodisplasias:<\/strong> Malforma\u00e7\u00f5es vasculares que podem causar sangramento. \n\t\t\t\t\t<\/p>\n\t\t\t\t\n\t\t\t<\/div>\n\t\t\t\n\t\t<\/div>\n\t\t\t\t\t\t<\/div>\n\t\t\t\t<\/div>\n\t\t\t\t<div class=\"elementor-element elementor-element-9b658b3 elementor-widget elementor-widget-icon-box\" data-id=\"9b658b3\" data-element_type=\"widget\" data-widget_type=\"icon-box.default\">\n\t\t\t\t<div class=\"elementor-widget-container\">\n\t\t\t\t\t\t\t<div class=\"elementor-icon-box-wrapper\">\n\n\t\t\t\n\t\t\t\t\t\t<div class=\"elementor-icon-box-content\">\n\n\t\t\t\t\t\t\t\t\t<h3 class=\"elementor-icon-box-title\">\n\t\t\t\t\t\t<span  >\n\t\t\t\t\t\t\tSuboclus\u00f5es Intestinais\t\t\t\t\t\t<\/span>\n\t\t\t\t\t<\/h3>\n\t\t\t\t\n\t\t\t\t\t\t\t\t\t<p class=\"elementor-icon-box-description\">\n\t\t\t\t\t\tCausadas por ader\u00eancias, tumores, doen\u00e7as inflamat\u00f3rias intestinais, estenoses (estreitamentos) \t\t\t\t\t<\/p>\n\t\t\t\t\n\t\t\t<\/div>\n\t\t\t\n\t\t<\/div>\n\t\t\t\t\t\t<\/div>\n\t\t\t\t<\/div>\n\t\t\t\t<\/div>\n\t\t<div class=\"elementor-element elementor-element-d7dd7a7 e-con-full e-flex e-con e-child\" data-id=\"d7dd7a7\" data-element_type=\"container\">\n\t\t\t\t<div class=\"elementor-element elementor-element-39c89f4 elementor-widget elementor-widget-icon-box\" data-id=\"39c89f4\" data-element_type=\"widget\" data-widget_type=\"icon-box.default\">\n\t\t\t\t<div class=\"elementor-widget-container\">\n\t\t\t\t\t\t\t<div class=\"elementor-icon-box-wrapper\">\n\n\t\t\t\n\t\t\t\t\t\t<div class=\"elementor-icon-box-content\">\n\n\t\t\t\t\t\t\t\t\t<h3 class=\"elementor-icon-box-title\">\n\t\t\t\t\t\t<span  >\n\t\t\t\t\t\t\tS\u00edndrome do Intestino Irrit\u00e1vel (SII)\t\t\t\t\t\t<\/span>\n\t\t\t\t\t<\/h3>\n\t\t\t\t\n\t\t\t\t\t\t\t\t\t<p class=\"elementor-icon-box-description\">\n\t\t\t\t\t\tTranstorno funcional caracterizado por dor abdominal e altera\u00e7\u00f5es no h\u00e1bito intestinal (diarreia, constipa\u00e7\u00e3o ou ambos), sem causas org\u00e2nicas detect\u00e1veis.\t\t\t\t\t<\/p>\n\t\t\t\t\n\t\t\t<\/div>\n\t\t\t\n\t\t<\/div>\n\t\t\t\t\t\t<\/div>\n\t\t\t\t<\/div>\n\t\t\t\t<div class=\"elementor-element elementor-element-9688089 elementor-widget elementor-widget-icon-box\" data-id=\"9688089\" data-element_type=\"widget\" data-widget_type=\"icon-box.default\">\n\t\t\t\t<div class=\"elementor-widget-container\">\n\t\t\t\t\t\t\t<div class=\"elementor-icon-box-wrapper\">\n\n\t\t\t\n\t\t\t\t\t\t<div class=\"elementor-icon-box-content\">\n\n\t\t\t\t\t\t\t\t\t<h3 class=\"elementor-icon-box-title\">\n\t\t\t\t\t\t<span  >\n\t\t\t\t\t\t\tDiverticulose e Diverticulite\t\t\t\t\t\t<\/span>\n\t\t\t\t\t<\/h3>\n\t\t\t\t\n\t\t\t\t\t\t\t\t\t<p class=\"elementor-icon-box-description\">\n\t\t\t\t\t\tDiverticulose: Presen\u00e7a de pequenas bolsas (divert\u00edculos) no c\u00f3lon. <\/br>\nDiverticulite: Inflama\u00e7\u00e3o ou infec\u00e7\u00e3o desses divert\u00edculos, causando dor e febre. \t\t\t\t\t<\/p>\n\t\t\t\t\n\t\t\t<\/div>\n\t\t\t\n\t\t<\/div>\n\t\t\t\t\t\t<\/div>\n\t\t\t\t<\/div>\n\t\t\t\t<div class=\"elementor-element elementor-element-8d9a421 elementor-widget elementor-widget-icon-box\" data-id=\"8d9a421\" data-element_type=\"widget\" data-widget_type=\"icon-box.default\">\n\t\t\t\t<div class=\"elementor-widget-container\">\n\t\t\t\t\t\t\t<div class=\"elementor-icon-box-wrapper\">\n\n\t\t\t\n\t\t\t\t\t\t<div class=\"elementor-icon-box-content\">\n\n\t\t\t\t\t\t\t\t\t<h3 class=\"elementor-icon-box-title\">\n\t\t\t\t\t\t<span  >\n\t\t\t\t\t\t\tOutras Doen\u00e7as Funcionais do Intestino\t\t\t\t\t\t<\/span>\n\t\t\t\t\t<\/h3>\n\t\t\t\t\n\t\t\t\t\t\t\t\t\t<p class=\"elementor-icon-box-description\">\n\t\t\t\t\t\tConstipa\u00e7\u00e3o cr\u00f4nica <\/br>\nDiarreia funcional <\/br>\nDist\u00farbios de evacua\u00e7\u00e3o <\/br>\t\t\t\t\t<\/p>\n\t\t\t\t\n\t\t\t<\/div>\n\t\t\t\n\t\t<\/div>\n\t\t\t\t\t\t<\/div>\n\t\t\t\t<\/div>\n\t\t\t\t<div class=\"elementor-element elementor-element-469acfe elementor-widget elementor-widget-icon-box\" data-id=\"469acfe\" data-element_type=\"widget\" data-widget_type=\"icon-box.default\">\n\t\t\t\t<div class=\"elementor-widget-container\">\n\t\t\t\t\t\t\t<div class=\"elementor-icon-box-wrapper\">\n\n\t\t\t\n\t\t\t\t\t\t<div class=\"elementor-icon-box-content\">\n\n\t\t\t\t\t\t\t\t\t<h3 class=\"elementor-icon-box-title\">\n\t\t\t\t\t\t<span  >\n\t\t\t\t\t\t\tS\u00edndrome de M\u00e1 Absor\u00e7\u00e3o\t\t\t\t\t\t<\/span>\n\t\t\t\t\t<\/h3>\n\t\t\t\t\n\t\t\t\t\t\t\t\t\t<p class=\"elementor-icon-box-description\">\n\t\t\t\t\t\t<strong>Incluem diversas condi\u00e7\u00f5es que comprometem a absor\u00e7\u00e3o de nutrientes, como:<\/strong><\/br>\nIntoler\u00e2ncias Alimentares <\/br>\nDoen\u00e7a Cel\u00edaca<\/br>\nInsufici\u00eancia pancre\u00e1tica ex\u00f3crina.\n\t\t\t\t\t<\/p>\n\t\t\t\t\n\t\t\t<\/div>\n\t\t\t\n\t\t<\/div>\n\t\t\t\t\t\t<\/div>\n\t\t\t\t<\/div>\n\t\t\t\t<div class=\"elementor-element elementor-element-84181dd elementor-widget elementor-widget-icon-box\" data-id=\"84181dd\" data-element_type=\"widget\" data-widget_type=\"icon-box.default\">\n\t\t\t\t<div class=\"elementor-widget-container\">\n\t\t\t\t\t\t\t<div class=\"elementor-icon-box-wrapper\">\n\n\t\t\t\n\t\t\t\t\t\t<div class=\"elementor-icon-box-content\">\n\n\t\t\t\t\t\t\t\t\t<h3 class=\"elementor-icon-box-title\">\n\t\t\t\t\t\t<span  >\n\t\t\t\t\t\t\tSangramentos Intestinais \t\t\t\t\t\t<\/span>\n\t\t\t\t\t<\/h3>\n\t\t\t\t\n\t\t\t\t\t\t\t\t\t<p class=\"elementor-icon-box-description\">\n\t\t\t\t\t\tSangramentos provenientes de \u00falceras, p\u00f3lipos, divert\u00edculos ou angiodisplasias.\t\t\t\t\t<\/p>\n\t\t\t\t\n\t\t\t<\/div>\n\t\t\t\n\t\t<\/div>\n\t\t\t\t\t\t<\/div>\n\t\t\t\t<\/div>\n\t\t\t\t<div class=\"elementor-element elementor-element-f0f8c64 elementor-widget elementor-widget-icon-box\" data-id=\"f0f8c64\" data-element_type=\"widget\" data-widget_type=\"icon-box.default\">\n\t\t\t\t<div class=\"elementor-widget-container\">\n\t\t\t\t\t\t\t<div class=\"elementor-icon-box-wrapper\">\n\n\t\t\t\n\t\t\t\t\t\t<div class=\"elementor-icon-box-content\">\n\n\t\t\t\t\t\t\t\t\t<h3 class=\"elementor-icon-box-title\">\n\t\t\t\t\t\t<span  >\n\t\t\t\t\t\t\tDoen\u00e7as Gen\u00e9ticas ou Raras\t\t\t\t\t\t<\/span>\n\t\t\t\t\t<\/h3>\n\t\t\t\t\n\t\t\t\t\t\t\t\t\t<p class=\"elementor-icon-box-description\">\n\t\t\t\t\t\tS\u00edndrome de Lynch (associada ao c\u00e2ncer colorretal heredit\u00e1rio). <br>\nDoen\u00e7a de Hirschsprung (aus\u00eancia de nervos em parte do intestino).\t\t\t\t\t<\/p>\n\t\t\t\t\n\t\t\t<\/div>\n\t\t\t\n\t\t<\/div>\n\t\t\t\t\t\t<\/div>\n\t\t\t\t<\/div>\n\t\t\t\t<\/div>\n\t\t\t\t<\/div>\n\t\t\t\t<div class=\"elementor-element elementor-element-c346af6 elementor-widget elementor-widget-text-editor\" data-id=\"c346af6\" data-element_type=\"widget\" data-widget_type=\"text-editor.default\">\n\t\t\t\t<div class=\"elementor-widget-container\">\n\t\t\t\t\t\t\t\t\t<p class=\"p1\">Se tiver d\u00favidas ou sintomas relacionados ao sistema digestivo, \u00e9 essencial consultar um gastroenterologista para avalia\u00e7\u00e3o adequada<\/p>\t\t\t\t\t\t\t\t<\/div>\n\t\t\t\t<\/div>\n\t\t<div class=\"elementor-element elementor-element-5fb6b38 e-con-full e-flex e-con e-child\" data-id=\"5fb6b38\" data-element_type=\"container\">\n\t\t<div class=\"elementor-element elementor-element-a782fe7 rodape e-con-full e-flex e-con e-child\" data-id=\"a782fe7\" data-element_type=\"container\">\n\t\t\t\t<div class=\"elementor-element elementor-element-9333f8d elementor-widget__width-initial elementor-widget elementor-widget-image\" data-id=\"9333f8d\" data-element_type=\"widget\" data-widget_type=\"image.default\">\n\t\t\t\t<div class=\"elementor-widget-container\">\n\t\t\t\t\t\t\t\t\t\t\t\t\t\t\t\t<a href=\"https:\/\/sites.creatycomunicacao.com\/dramarinapamponet\/elementor-hf\/menu-principal\/\">\n\t\t\t\t\t\t\t<img fetchpriority=\"high\" decoding=\"async\" width=\"1024\" height=\"245\" src=\"https:\/\/sites.creatycomunicacao.com\/dramarinapamponet\/wp-content\/uploads\/2024\/11\/Logo-MP-Horizontal2x-1024x245.png\" class=\"attachment-large size-large wp-image-68\" alt=\"Logo-MP-Horizontal\" srcset=\"https:\/\/sites.creatycomunicacao.com\/dramarinapamponet\/wp-content\/uploads\/2024\/11\/Logo-MP-Horizontal2x-1024x245.png 1024w, https:\/\/sites.creatycomunicacao.com\/dramarinapamponet\/wp-content\/uploads\/2024\/11\/Logo-MP-Horizontal2x-300x72.png 300w, https:\/\/sites.creatycomunicacao.com\/dramarinapamponet\/wp-content\/uploads\/2024\/11\/Logo-MP-Horizontal2x-768x183.png 768w, https:\/\/sites.creatycomunicacao.com\/dramarinapamponet\/wp-content\/uploads\/2024\/11\/Logo-MP-Horizontal2x-1536x367.png 1536w, https:\/\/sites.creatycomunicacao.com\/dramarinapamponet\/wp-content\/uploads\/2024\/11\/Logo-MP-Horizontal2x-2048x489.png 2048w, https:\/\/sites.creatycomunicacao.com\/dramarinapamponet\/wp-content\/uploads\/2024\/11\/Logo-MP-Horizontal2x-600x143.png 600w\" sizes=\"(max-width: 1024px) 100vw, 1024px\" \/>\t\t\t\t\t\t\t\t<\/a>\n\t\t\t\t\t\t\t\t\t\t\t\t\t\t\t<\/div>\n\t\t\t\t<\/div>\n\t\t\t\t<div class=\"elementor-element elementor-element-b540b10 elementor-widget elementor-widget-text-editor\" data-id=\"b540b10\" data-element_type=\"widget\" data-widget_type=\"text-editor.default\">\n\t\t\t\t<div class=\"elementor-widget-container\">\n\t\t\t\t\t\t\t\t\t<p>CRM-BA 21133 | RQE N\u00ba: 13839 \/ 13847<\/p>\t\t\t\t\t\t\t\t<\/div>\n\t\t\t\t<\/div>\n\t\t\t\t<div class=\"elementor-element elementor-element-14c5586 elementor-widget elementor-widget-shortcode\" data-id=\"14c5586\" data-element_type=\"widget\" data-widget_type=\"shortcode.default\">\n\t\t\t\t<div class=\"elementor-widget-container\">\n\t\t\t\t\t\t\t<div class=\"elementor-shortcode\">\t\t<div data-elementor-type=\"wp-post\" data-elementor-id=\"192\" class=\"elementor elementor-192\">\n\t\t\t\t<div class=\"elementor-element elementor-element-0530332 e-flex e-con-boxed e-con e-parent\" data-id=\"0530332\" data-element_type=\"container\">\n\t\t\t\t\t<div class=\"e-con-inner\">\n\t\t\t\t<div class=\"elementor-element elementor-element-8b0733b elementor-align-center elementor-widget elementor-widget-button\" data-id=\"8b0733b\" data-element_type=\"widget\" data-widget_type=\"button.default\">\n\t\t\t\t<div class=\"elementor-widget-container\">\n\t\t\t\t\t\t\t\t\t<div class=\"elementor-button-wrapper\">\n\t\t\t\t\t<a class=\"elementor-button elementor-button-link elementor-size-sm elementor-animation-grow\" href=\"https:\/\/wa.me\/5571992937777?text=Gostaria%20de%20agendar%20uma%20consulta%20com%20o%20Dra.%20Marina%20Pamponet\" target=\"_blank\">\n\t\t\t\t\t\t<span class=\"elementor-button-content-wrapper\">\n\t\t\t\t\t\t<span class=\"elementor-button-icon\">\n\t\t\t\t<svg aria-hidden=\"true\" class=\"e-font-icon-svg e-fab-whatsapp\" viewBox=\"0 0 448 512\" xmlns=\"http:\/\/www.w3.org\/2000\/svg\"><path d=\"M380.9 97.1C339 55.1 283.2 32 223.9 32c-122.4 0-222 99.6-222 222 0 39.1 10.2 77.3 29.6 111L0 480l117.7-30.9c32.4 17.7 68.9 27 106.1 27h.1c122.3 0 224.1-99.6 224.1-222 0-59.3-25.2-115-67.1-157zm-157 341.6c-33.2 0-65.7-8.9-94-25.7l-6.7-4-69.8 18.3L72 359.2l-4.4-7c-18.5-29.4-28.2-63.3-28.2-98.2 0-101.7 82.8-184.5 184.6-184.5 49.3 0 95.6 19.2 130.4 54.1 34.8 34.9 56.2 81.2 56.1 130.5 0 101.8-84.9 184.6-186.6 184.6zm101.2-138.2c-5.5-2.8-32.8-16.2-37.9-18-5.1-1.9-8.8-2.8-12.5 2.8-3.7 5.6-14.3 18-17.6 21.8-3.2 3.7-6.5 4.2-12 1.4-32.6-16.3-54-29.1-75.5-66-5.7-9.8 5.7-9.1 16.3-30.3 1.8-3.7.9-6.9-.5-9.7-1.4-2.8-12.5-30.1-17.1-41.2-4.5-10.8-9.1-9.3-12.5-9.5-3.2-.2-6.9-.2-10.6-.2-3.7 0-9.7 1.4-14.8 6.9-5.1 5.6-19.4 19-19.4 46.3 0 27.3 19.9 53.7 22.6 57.4 2.8 3.7 39.1 59.7 94.8 83.8 35.2 15.2 49 16.5 66.6 13.9 10.7-1.6 32.8-13.4 37.4-26.4 4.6-13 4.6-24.1 3.2-26.4-1.3-2.5-5-3.9-10.5-6.6z\"><\/path><\/svg>\t\t\t<\/span>\n\t\t\t\t\t\t\t\t\t<span class=\"elementor-button-text\">Agendar Consulta<\/span>\n\t\t\t\t\t<\/span>\n\t\t\t\t\t<\/a>\n\t\t\t\t<\/div>\n\t\t\t\t\t\t\t\t<\/div>\n\t\t\t\t<\/div>\n\t\t\t\t<div class=\"elementor-element elementor-element-4451bb9 elementor-shape-circle elementor-grid-0 e-grid-align-center elementor-widget elementor-widget-social-icons\" data-id=\"4451bb9\" data-element_type=\"widget\" data-widget_type=\"social-icons.default\">\n\t\t\t\t<div class=\"elementor-widget-container\">\n\t\t\t\t\t\t\t<div class=\"elementor-social-icons-wrapper elementor-grid\" role=\"list\">\n\t\t\t\t\t\t\t<span class=\"elementor-grid-item\" role=\"listitem\">\n\t\t\t\t\t<a class=\"elementor-icon elementor-social-icon elementor-social-icon-instagram elementor-animation-grow elementor-repeater-item-4d0e8a9\" href=\"https:\/\/www.instagram.com\/marina_pamponet\/\" target=\"_blank\">\n\t\t\t\t\t\t<span class=\"elementor-screen-only\">Instagram<\/span>\n\t\t\t\t\t\t<svg aria-hidden=\"true\" class=\"e-font-icon-svg e-fab-instagram\" viewBox=\"0 0 448 512\" xmlns=\"http:\/\/www.w3.org\/2000\/svg\"><path d=\"M224.1 141c-63.6 0-114.9 51.3-114.9 114.9s51.3 114.9 114.9 114.9S339 319.5 339 255.9 287.7 141 224.1 141zm0 189.6c-41.1 0-74.7-33.5-74.7-74.7s33.5-74.7 74.7-74.7 74.7 33.5 74.7 74.7-33.6 74.7-74.7 74.7zm146.4-194.3c0 14.9-12 26.8-26.8 26.8-14.9 0-26.8-12-26.8-26.8s12-26.8 26.8-26.8 26.8 12 26.8 26.8zm76.1 27.2c-1.7-35.9-9.9-67.7-36.2-93.9-26.2-26.2-58-34.4-93.9-36.2-37-2.1-147.9-2.1-184.9 0-35.8 1.7-67.6 9.9-93.9 36.1s-34.4 58-36.2 93.9c-2.1 37-2.1 147.9 0 184.9 1.7 35.9 9.9 67.7 36.2 93.9s58 34.4 93.9 36.2c37 2.1 147.9 2.1 184.9 0 35.9-1.7 67.7-9.9 93.9-36.2 26.2-26.2 34.4-58 36.2-93.9 2.1-37 2.1-147.8 0-184.8zM398.8 388c-7.8 19.6-22.9 34.7-42.6 42.6-29.5 11.7-99.5 9-132.1 9s-102.7 2.6-132.1-9c-19.6-7.8-34.7-22.9-42.6-42.6-11.7-29.5-9-99.5-9-132.1s-2.6-102.7 9-132.1c7.8-19.6 22.9-34.7 42.6-42.6 29.5-11.7 99.5-9 132.1-9s102.7-2.6 132.1 9c19.6 7.8 34.7 22.9 42.6 42.6 11.7 29.5 9 99.5 9 132.1s2.7 102.7-9 132.1z\"><\/path><\/svg>\t\t\t\t\t<\/a>\n\t\t\t\t<\/span>\n\t\t\t\t\t\t\t<span class=\"elementor-grid-item\" role=\"listitem\">\n\t\t\t\t\t<a class=\"elementor-icon elementor-social-icon elementor-social-icon-phone-alt elementor-animation-grow elementor-repeater-item-2014e93\" href=\"tel:+5571996557734\" target=\"_blank\">\n\t\t\t\t\t\t<span class=\"elementor-screen-only\">Phone-alt<\/span>\n\t\t\t\t\t\t<svg aria-hidden=\"true\" class=\"e-font-icon-svg e-fas-phone-alt\" viewBox=\"0 0 512 512\" xmlns=\"http:\/\/www.w3.org\/2000\/svg\"><path d=\"M497.39 361.8l-112-48a24 24 0 0 0-28 6.9l-49.6 60.6A370.66 370.66 0 0 1 130.6 204.11l60.6-49.6a23.94 23.94 0 0 0 6.9-28l-48-112A24.16 24.16 0 0 0 122.6.61l-104 24A24 24 0 0 0 0 48c0 256.5 207.9 464 464 464a24 24 0 0 0 23.4-18.6l24-104a24.29 24.29 0 0 0-14.01-27.6z\"><\/path><\/svg>\t\t\t\t\t<\/a>\n\t\t\t\t<\/span>\n\t\t\t\t\t\t\t<span class=\"elementor-grid-item\" role=\"listitem\">\n\t\t\t\t\t<a class=\"elementor-icon elementor-social-icon elementor-social-icon-check-circle elementor-animation-grow elementor-repeater-item-f53f000\" href=\"http:\/\/arnaldomotta.med.br\/site\/Marina-Curriculo.pdf\" target=\"_blank\">\n\t\t\t\t\t\t<span class=\"elementor-screen-only\">Check-circle<\/span>\n\t\t\t\t\t\t<svg aria-hidden=\"true\" class=\"e-font-icon-svg e-far-check-circle\" viewBox=\"0 0 512 512\" xmlns=\"http:\/\/www.w3.org\/2000\/svg\"><path d=\"M256 8C119.033 8 8 119.033 8 256s111.033 248 248 248 248-111.033 248-248S392.967 8 256 8zm0 48c110.532 0 200 89.451 200 200 0 110.532-89.451 200-200 200-110.532 0-200-89.451-200-200 0-110.532 89.451-200 200-200m140.204 130.267l-22.536-22.718c-4.667-4.705-12.265-4.736-16.97-.068L215.346 303.697l-59.792-60.277c-4.667-4.705-12.265-4.736-16.97-.069l-22.719 22.536c-4.705 4.667-4.736 12.265-.068 16.971l90.781 91.516c4.667 4.705 12.265 4.736 16.97.068l172.589-171.204c4.704-4.668 4.734-12.266.067-16.971z\"><\/path><\/svg>\t\t\t\t\t<\/a>\n\t\t\t\t<\/span>\n\t\t\t\t\t<\/div>\n\t\t\t\t\t\t<\/div>\n\t\t\t\t<\/div>\n\t\t\t\t\t<\/div>\n\t\t\t\t<\/div>\n\t\t\t\t<\/div>\n\t\t<\/div>\n\t\t\t\t\t\t<\/div>\n\t\t\t\t<\/div>\n\t\t\t\t<\/div>\n\t\t\t\t<\/div>\n\t\t\t\t\t<\/div>\n\t\t\t\t<\/div>\n\t\t\t\t<\/div>\n\t\t","protected":false},"excerpt":{"rendered":"<p>Doen\u00e7as Inflamat\u00f3rias Intestinais (DII) As doen\u00e7as intestinais s\u00e3o condi\u00e7\u00f5es tratadas pelo gastroenterologista. Entretanto, com o avan\u00e7o da medicina, as especialidades t\u00eam se tornado cada vez mais subespecializadas, e alguns gastroenterologistas t\u00eam se dedicado a \u00e1reas espec\u00edficas. Os progressos t\u00eam sido significativos, ampliando a compreens\u00e3o sobre a preven\u00e7\u00e3o, diagn\u00f3stico e tratamento das doen\u00e7as intestinais. A Dra [&hellip;]<\/p>\n","protected":false},"author":1,"featured_media":0,"parent":0,"menu_order":0,"comment_status":"closed","ping_status":"closed","template":"elementor_header_footer","meta":{"footnotes":""},"class_list":["post-736","page","type-page","status-publish","hentry"],"_links":{"self":[{"href":"https:\/\/sites.creatycomunicacao.com\/dramarinapamponet\/index.php?rest_route=\/wp\/v2\/pages\/736","targetHints":{"allow":["GET"]}}],"collection":[{"href":"https:\/\/sites.creatycomunicacao.com\/dramarinapamponet\/index.php?rest_route=\/wp\/v2\/pages"}],"about":[{"href":"https:\/\/sites.creatycomunicacao.com\/dramarinapamponet\/index.php?rest_route=\/wp\/v2\/types\/page"}],"author":[{"embeddable":true,"href":"https:\/\/sites.creatycomunicacao.com\/dramarinapamponet\/index.php?rest_route=\/wp\/v2\/users\/1"}],"replies":[{"embeddable":true,"href":"https:\/\/sites.creatycomunicacao.com\/dramarinapamponet\/index.php?rest_route=%2Fwp%2Fv2%2Fcomments&post=736"}],"version-history":[{"count":37,"href":"https:\/\/sites.creatycomunicacao.com\/dramarinapamponet\/index.php?rest_route=\/wp\/v2\/pages\/736\/revisions"}],"predecessor-version":[{"id":795,"href":"https:\/\/sites.creatycomunicacao.com\/dramarinapamponet\/index.php?rest_route=\/wp\/v2\/pages\/736\/revisions\/795"}],"wp:attachment":[{"href":"https:\/\/sites.creatycomunicacao.com\/dramarinapamponet\/index.php?rest_route=%2Fwp%2Fv2%2Fmedia&parent=736"}],"curies":[{"name":"wp","href":"https:\/\/api.w.org\/{rel}","templated":true}]}}