{"id":663,"date":"2025-01-20T09:51:56","date_gmt":"2025-01-20T09:51:56","guid":{"rendered":"https:\/\/sites.creatycomunicacao.com\/dramarinapamponet\/?page_id=663"},"modified":"2025-01-20T21:42:16","modified_gmt":"2025-01-20T21:42:16","slug":"gastroenterologia","status":"publish","type":"page","link":"https:\/\/sites.creatycomunicacao.com\/dramarinapamponet\/?page_id=663","title":{"rendered":"Gastroenterologia"},"content":{"rendered":"\t\t<div data-elementor-type=\"wp-page\" data-elementor-id=\"663\" class=\"elementor elementor-663\">\n\t\t\t\t<div class=\"elementor-element elementor-element-88f533e e-flex e-con-boxed e-con e-parent\" data-id=\"88f533e\" data-element_type=\"container\" data-settings=\"{&quot;background_background&quot;:&quot;classic&quot;}\">\n\t\t\t\t\t<div class=\"e-con-inner\">\n\t\t\t\t<div class=\"elementor-element elementor-element-b351488 elementor-widget__width-initial elementor-widget elementor-widget-heading\" data-id=\"b351488\" data-element_type=\"widget\" data-widget_type=\"heading.default\">\n\t\t\t\t<div class=\"elementor-widget-container\">\n\t\t\t\t\t<h2 class=\"elementor-heading-title elementor-size-default\">Gastroenterologia\n<\/h2>\t\t\t\t<\/div>\n\t\t\t\t<\/div>\n\t\t\t\t\t<\/div>\n\t\t\t\t<\/div>\n\t\t<div class=\"elementor-element elementor-element-6471a56 e-flex e-con-boxed e-con e-parent\" data-id=\"6471a56\" data-element_type=\"container\">\n\t\t\t\t\t<div class=\"e-con-inner\">\n\t\t\t\t<div class=\"elementor-element elementor-element-8d26400 elementor-widget elementor-widget-text-editor\" data-id=\"8d26400\" data-element_type=\"widget\" data-widget_type=\"text-editor.default\">\n\t\t\t\t<div class=\"elementor-widget-container\">\n\t\t\t\t\t\t\t\t\t<p class=\"p1\">O <b>gastroenterologista<\/b> \u00e9 o m\u00e9dico especializado no diagn\u00f3stico, tratamento e preven\u00e7\u00e3o de doen\u00e7as do sistema digestivo. Esse sistema inclui \u00f3rg\u00e3os como o es\u00f4fago, est\u00f4mago, intestinos (delgado e grosso), f\u00edgado, ves\u00edcula biliar, p\u00e2ncreas e reto.<\/p><p class=\"p2\">A Dra Marina Pamponet \u00e9 Doutora em Gastroenterologia pela Universidade de S\u00e3o Paulo (USP), atua como Professora Adjunta da Universidade Federal da Bahia (UFBA), onde \u00e9 respons\u00e1vel pelo Ambulat\u00f3rio de Doen\u00e7as Inflamat\u00f3rias Intestinais e tamb\u00e9m \u00e9 preceptora da Resid\u00eancia de Gastroenterologia. Al\u00e9m disso, \u00e9 membro da Diretoria da Federa\u00e7\u00e3o Brasileira de Gastroenterologia (FBG) &#8211; 2025\/2026 e j\u00e1 integrou a diretoria da Sociedade de Gastroenterologia da Bahia (SGB) durante 4 bi\u00eanios, sendo vice-presidente no bi\u00eanio de 2023\/2024.<span class=\"Apple-converted-space\">\u00a0 <\/span>Portanto, \u00e9 uma profissional que busca uma forma\u00e7\u00e3o de excel\u00eancia e cuidado individualizado na sua sa\u00fade intestinal dos seus pacientes.<\/p>\t\t\t\t\t\t\t\t<\/div>\n\t\t\t\t<\/div>\n\t\t\t\t\t<\/div>\n\t\t\t\t<\/div>\n\t\t<div class=\"elementor-element elementor-element-0a7d80f e-flex e-con-boxed e-con e-parent\" data-id=\"0a7d80f\" data-element_type=\"container\">\n\t\t\t\t\t<div class=\"e-con-inner\">\n\t\t\t\t<div class=\"elementor-element elementor-element-1ad6b37 elementor-widget elementor-widget-heading\" data-id=\"1ad6b37\" data-element_type=\"widget\" data-widget_type=\"heading.default\">\n\t\t\t\t<div class=\"elementor-widget-container\">\n\t\t\t\t\t<h2 class=\"elementor-heading-title elementor-size-default\">Doen\u00e7as tratadas pelo gastroenterologista\n<\/h2>\t\t\t\t<\/div>\n\t\t\t\t<\/div>\n\t\t\t\t<div class=\"elementor-element elementor-element-06df6d8 elementor-widget elementor-widget-text-editor\" data-id=\"06df6d8\" data-element_type=\"widget\" data-widget_type=\"text-editor.default\">\n\t\t\t\t<div class=\"elementor-widget-container\">\n\t\t\t\t\t\t\t\t\t<p class=\"p1\">Aqui est\u00e1 uma lista das principais doen\u00e7as que o gastroenterologista diagnostica e trata:<\/p>\t\t\t\t\t\t\t\t<\/div>\n\t\t\t\t<\/div>\n\t\t<div class=\"elementor-element elementor-element-ea200d3 e-con-full e-flex e-con e-child\" data-id=\"ea200d3\" data-element_type=\"container\">\n\t\t<div class=\"elementor-element elementor-element-5ebdde2 e-con-full e-flex e-con e-child\" data-id=\"5ebdde2\" data-element_type=\"container\">\n\t\t\t\t<div class=\"elementor-element elementor-element-cf4c2f7 elementor-widget elementor-widget-icon-box\" data-id=\"cf4c2f7\" data-element_type=\"widget\" data-widget_type=\"icon-box.default\">\n\t\t\t\t<div class=\"elementor-widget-container\">\n\t\t\t\t\t\t\t<div class=\"elementor-icon-box-wrapper\">\n\n\t\t\t\n\t\t\t\t\t\t<div class=\"elementor-icon-box-content\">\n\n\t\t\t\t\t\t\t\t\t<h3 class=\"elementor-icon-box-title\">\n\t\t\t\t\t\t<span  >\n\t\t\t\t\t\t\tDoen\u00e7as do es\u00f4fago\t\t\t\t\t\t<\/span>\n\t\t\t\t\t<\/h3>\n\t\t\t\t\n\t\t\t\t\t\t\t\t\t<p class=\"elementor-icon-box-description\">\n\t\t\t\t\t\tRefluxo gastroesof\u00e1gico (DRGE) <\/br>\nEsofagite <\/br>\nAcalasia <\/br>\nC\u00e2ncer de es\u00f4fago <\/br>\nEspasmo esof\u00e1gico <\/br>\n\t\t\t\t\t<\/p>\n\t\t\t\t\n\t\t\t<\/div>\n\t\t\t\n\t\t<\/div>\n\t\t\t\t\t\t<\/div>\n\t\t\t\t<\/div>\n\t\t\t\t<div class=\"elementor-element elementor-element-aef36ae elementor-widget elementor-widget-icon-box\" data-id=\"aef36ae\" data-element_type=\"widget\" data-widget_type=\"icon-box.default\">\n\t\t\t\t<div class=\"elementor-widget-container\">\n\t\t\t\t\t\t\t<div class=\"elementor-icon-box-wrapper\">\n\n\t\t\t\n\t\t\t\t\t\t<div class=\"elementor-icon-box-content\">\n\n\t\t\t\t\t\t\t\t\t<h3 class=\"elementor-icon-box-title\">\n\t\t\t\t\t\t<span  >\n\t\t\t\t\t\t\tDoen\u00e7as do p\u00e2ncreas\t\t\t\t\t\t<\/span>\n\t\t\t\t\t<\/h3>\n\t\t\t\t\n\t\t\t\t\t\t\t\t\t<p class=\"elementor-icon-box-description\">\n\t\t\t\t\t\tPancreatite aguda e cr\u00f4nica <\/br>\nInsufici\u00eancia pancre\u00e1tica ex\u00f3crina<\/br>\nC\u00e2ncer de p\u00e2ncreas<\/br>\nCistos pancre\u00e1ticos\n\t\t\t\t\t<\/p>\n\t\t\t\t\n\t\t\t<\/div>\n\t\t\t\n\t\t<\/div>\n\t\t\t\t\t\t<\/div>\n\t\t\t\t<\/div>\n\t\t\t\t<div class=\"elementor-element elementor-element-30305ef elementor-widget elementor-widget-icon-box\" data-id=\"30305ef\" data-element_type=\"widget\" data-widget_type=\"icon-box.default\">\n\t\t\t\t<div class=\"elementor-widget-container\">\n\t\t\t\t\t\t\t<div class=\"elementor-icon-box-wrapper\">\n\n\t\t\t\n\t\t\t\t\t\t<div class=\"elementor-icon-box-content\">\n\n\t\t\t\t\t\t\t\t\t<h3 class=\"elementor-icon-box-title\">\n\t\t\t\t\t\t<span  >\n\t\t\t\t\t\t\tDoen\u00e7as da ves\u00edcula biliar e vias biliares\t\t\t\t\t\t<\/span>\n\t\t\t\t\t<\/h3>\n\t\t\t\t\n\t\t\t\t\t\t\t\t\t<p class=\"elementor-icon-box-description\">\n\t\t\t\t\t\tColelit\u00edase (c\u00e1lculos biliares)<\/br>\nColecistite<\/br>\nColedocolit\u00edase<\/br>\nColangite<\/br>\nC\u00e2ncer de ves\u00edcula biliar e das vias biliares\n\t\t\t\t\t<\/p>\n\t\t\t\t\n\t\t\t<\/div>\n\t\t\t\n\t\t<\/div>\n\t\t\t\t\t\t<\/div>\n\t\t\t\t<\/div>\n\t\t\t\t<div class=\"elementor-element elementor-element-e2e4127 elementor-widget elementor-widget-icon-box\" data-id=\"e2e4127\" data-element_type=\"widget\" data-widget_type=\"icon-box.default\">\n\t\t\t\t<div class=\"elementor-widget-container\">\n\t\t\t\t\t\t\t<div class=\"elementor-icon-box-wrapper\">\n\n\t\t\t\n\t\t\t\t\t\t<div class=\"elementor-icon-box-content\">\n\n\t\t\t\t\t\t\t\t\t<h3 class=\"elementor-icon-box-title\">\n\t\t\t\t\t\t<span  >\n\t\t\t\t\t\t\tDoen\u00e7as do c\u00f3lon e reto\t\t\t\t\t\t<\/span>\n\t\t\t\t\t<\/h3>\n\t\t\t\t\n\t\t\t\t\t\t\t\t\t<p class=\"elementor-icon-box-description\">\n\t\t\t\t\t\tS\u00edndrome do intestino irrit\u00e1vel (SII)<\/br>\nColite (infecciosa, isqu\u00eamica, pseudomembranosa)<\/br>\nDoen\u00e7a inflamat\u00f3ria intestinal (colite ulcerativa e doen\u00e7a de Crohn)<\/br>\nDiverticulite<\/br>\nC\u00e2ncer colorretal<\/br>\nP\u00f3lipos intestinais<\/br>\nHemorroidas e fissuras anais\n\t\t\t\t\t<\/p>\n\t\t\t\t\n\t\t\t<\/div>\n\t\t\t\n\t\t<\/div>\n\t\t\t\t\t\t<\/div>\n\t\t\t\t<\/div>\n\t\t\t\t<\/div>\n\t\t<div class=\"elementor-element elementor-element-bd41002 e-con-full e-flex e-con e-child\" data-id=\"bd41002\" data-element_type=\"container\">\n\t\t\t\t<div class=\"elementor-element elementor-element-36f0c1f elementor-widget elementor-widget-icon-box\" data-id=\"36f0c1f\" data-element_type=\"widget\" data-widget_type=\"icon-box.default\">\n\t\t\t\t<div class=\"elementor-widget-container\">\n\t\t\t\t\t\t\t<div class=\"elementor-icon-box-wrapper\">\n\n\t\t\t\n\t\t\t\t\t\t<div class=\"elementor-icon-box-content\">\n\n\t\t\t\t\t\t\t\t\t<h3 class=\"elementor-icon-box-title\">\n\t\t\t\t\t\t<span  >\n\t\t\t\t\t\t\tDoen\u00e7as do intestino delgado\t\t\t\t\t\t<\/span>\n\t\t\t\t\t<\/h3>\n\t\t\t\t\n\t\t\t\t\t\t\t\t\t<p class=\"elementor-icon-box-description\">\n\t\t\t\t\t\tDoen\u00e7a cel\u00edaca<\/br>\nS\u00edndrome de m\u00e1 absor\u00e7\u00e3o<\/br>\nInfec\u00e7\u00f5es intestinais<\/br>\nDoen\u00e7as inflamat\u00f3rias intestinais, como doen\u00e7a de Crohn\t\t\t\t\t<\/p>\n\t\t\t\t\n\t\t\t<\/div>\n\t\t\t\n\t\t<\/div>\n\t\t\t\t\t\t<\/div>\n\t\t\t\t<\/div>\n\t\t\t\t<div class=\"elementor-element elementor-element-67d0550 elementor-widget elementor-widget-icon-box\" data-id=\"67d0550\" data-element_type=\"widget\" data-widget_type=\"icon-box.default\">\n\t\t\t\t<div class=\"elementor-widget-container\">\n\t\t\t\t\t\t\t<div class=\"elementor-icon-box-wrapper\">\n\n\t\t\t\n\t\t\t\t\t\t<div class=\"elementor-icon-box-content\">\n\n\t\t\t\t\t\t\t\t\t<h3 class=\"elementor-icon-box-title\">\n\t\t\t\t\t\t<span  >\n\t\t\t\t\t\t\tDoen\u00e7as do est\u00f4mago e duodeno\t\t\t\t\t\t<\/span>\n\t\t\t\t\t<\/h3>\n\t\t\t\t\n\t\t\t\t\t\t\t\t\t<p class=\"elementor-icon-box-description\">\n\t\t\t\t\t\tGastrite<\/br>\n\u00dalcera g\u00e1strica e duodenal<\/br>\nDispepsia funcional<\/br>\nS\u00edndrome de Zollinger-Ellison<\/br>\nC\u00e2ncer g\u00e1strico\t\t\t\t\t<\/p>\n\t\t\t\t\n\t\t\t<\/div>\n\t\t\t\n\t\t<\/div>\n\t\t\t\t\t\t<\/div>\n\t\t\t\t<\/div>\n\t\t\t\t<div class=\"elementor-element elementor-element-15cc1d4 elementor-widget elementor-widget-icon-box\" data-id=\"15cc1d4\" data-element_type=\"widget\" data-widget_type=\"icon-box.default\">\n\t\t\t\t<div class=\"elementor-widget-container\">\n\t\t\t\t\t\t\t<div class=\"elementor-icon-box-wrapper\">\n\n\t\t\t\n\t\t\t\t\t\t<div class=\"elementor-icon-box-content\">\n\n\t\t\t\t\t\t\t\t\t<h3 class=\"elementor-icon-box-title\">\n\t\t\t\t\t\t<span  >\n\t\t\t\t\t\t\tDoen\u00e7as do f\u00edgado\t\t\t\t\t\t<\/span>\n\t\t\t\t\t<\/h3>\n\t\t\t\t\n\t\t\t\t\t\t\t\t\t<p class=\"elementor-icon-box-description\">\n\t\t\t\t\t\tHepatites virais (A, B, C, D, E)<\/br>\nEsteatose hep\u00e1tica (f\u00edgado gorduroso)<\/br>\nCirrose hep\u00e1tica<\/br>\nC\u00e2ncer de f\u00edgado (hepatocarcinoma)<\/br>\nDoen\u00e7as metab\u00f3licas hep\u00e1ticas (hemocromatose, doen\u00e7a de Wilson)<\/br>\nInsufici\u00eancia hep\u00e1tica\n\t\t\t\t\t<\/p>\n\t\t\t\t\n\t\t\t<\/div>\n\t\t\t\n\t\t<\/div>\n\t\t\t\t\t\t<\/div>\n\t\t\t\t<\/div>\n\t\t\t\t<div class=\"elementor-element elementor-element-4a9af94 elementor-widget elementor-widget-icon-box\" data-id=\"4a9af94\" data-element_type=\"widget\" data-widget_type=\"icon-box.default\">\n\t\t\t\t<div class=\"elementor-widget-container\">\n\t\t\t\t\t\t\t<div class=\"elementor-icon-box-wrapper\">\n\n\t\t\t\n\t\t\t\t\t\t<div class=\"elementor-icon-box-content\">\n\n\t\t\t\t\t\t\t\t\t<h3 class=\"elementor-icon-box-title\">\n\t\t\t\t\t\t<span  >\n\t\t\t\t\t\t\tOutras condi\u00e7\u00f5es\u200b\t\t\t\t\t\t<\/span>\n\t\t\t\t\t<\/h3>\n\t\t\t\t\n\t\t\t\t\t\t\t\t\t<p class=\"elementor-icon-box-description\">\n\t\t\t\t\t\tIntoler\u00e2ncias alimentares (lactose, frutose)\n<\/br>Parasitose intestinal<\/br>\nDist\u00farbios do microbioma intestinal (disbiose)<\/br>\nDoen\u00e7as funcionais do trato gastrointestinal\n\t\t\t\t\t<\/p>\n\t\t\t\t\n\t\t\t<\/div>\n\t\t\t\n\t\t<\/div>\n\t\t\t\t\t\t<\/div>\n\t\t\t\t<\/div>\n\t\t\t\t<\/div>\n\t\t\t\t<\/div>\n\t\t\t\t<div class=\"elementor-element elementor-element-6141c73 elementor-widget elementor-widget-text-editor\" data-id=\"6141c73\" data-element_type=\"widget\" data-widget_type=\"text-editor.default\">\n\t\t\t\t<div class=\"elementor-widget-container\">\n\t\t\t\t\t\t\t\t\t<p>Se tiver d\u00favidas ou sintomas relacionados ao sistema digestivo, \u00e9 essencial consultar um gastroenterologista para avalia\u00e7\u00e3o adequada.<\/p>\t\t\t\t\t\t\t\t<\/div>\n\t\t\t\t<\/div>\n\t\t<div class=\"elementor-element elementor-element-8d1b884 e-con-full e-flex e-con e-child\" data-id=\"8d1b884\" data-element_type=\"container\">\n\t\t<div class=\"elementor-element elementor-element-49e6b83 rodape e-con-full e-flex e-con e-child\" data-id=\"49e6b83\" data-element_type=\"container\">\n\t\t\t\t<div class=\"elementor-element elementor-element-93d018a elementor-widget__width-initial elementor-widget elementor-widget-image\" data-id=\"93d018a\" data-element_type=\"widget\" data-widget_type=\"image.default\">\n\t\t\t\t<div class=\"elementor-widget-container\">\n\t\t\t\t\t\t\t\t\t\t\t\t\t\t\t\t<a href=\"https:\/\/sites.creatycomunicacao.com\/dramarinapamponet\/elementor-hf\/menu-principal\/\">\n\t\t\t\t\t\t\t<img fetchpriority=\"high\" decoding=\"async\" width=\"1024\" height=\"245\" src=\"https:\/\/sites.creatycomunicacao.com\/dramarinapamponet\/wp-content\/uploads\/2024\/11\/Logo-MP-Horizontal2x-1024x245.png\" class=\"attachment-large size-large wp-image-68\" alt=\"Logo-MP-Horizontal\" srcset=\"https:\/\/sites.creatycomunicacao.com\/dramarinapamponet\/wp-content\/uploads\/2024\/11\/Logo-MP-Horizontal2x-1024x245.png 1024w, https:\/\/sites.creatycomunicacao.com\/dramarinapamponet\/wp-content\/uploads\/2024\/11\/Logo-MP-Horizontal2x-300x72.png 300w, https:\/\/sites.creatycomunicacao.com\/dramarinapamponet\/wp-content\/uploads\/2024\/11\/Logo-MP-Horizontal2x-768x183.png 768w, https:\/\/sites.creatycomunicacao.com\/dramarinapamponet\/wp-content\/uploads\/2024\/11\/Logo-MP-Horizontal2x-1536x367.png 1536w, https:\/\/sites.creatycomunicacao.com\/dramarinapamponet\/wp-content\/uploads\/2024\/11\/Logo-MP-Horizontal2x-2048x489.png 2048w, https:\/\/sites.creatycomunicacao.com\/dramarinapamponet\/wp-content\/uploads\/2024\/11\/Logo-MP-Horizontal2x-600x143.png 600w\" sizes=\"(max-width: 1024px) 100vw, 1024px\" \/>\t\t\t\t\t\t\t\t<\/a>\n\t\t\t\t\t\t\t\t\t\t\t\t\t\t\t<\/div>\n\t\t\t\t<\/div>\n\t\t\t\t<div class=\"elementor-element elementor-element-bf79eec elementor-widget elementor-widget-text-editor\" data-id=\"bf79eec\" data-element_type=\"widget\" data-widget_type=\"text-editor.default\">\n\t\t\t\t<div class=\"elementor-widget-container\">\n\t\t\t\t\t\t\t\t\t<p>CRM-BA 21133 | RQE N\u00ba: 13839 \/ 13847<\/p>\t\t\t\t\t\t\t\t<\/div>\n\t\t\t\t<\/div>\n\t\t\t\t<div class=\"elementor-element elementor-element-dab033e elementor-widget elementor-widget-shortcode\" data-id=\"dab033e\" data-element_type=\"widget\" data-widget_type=\"shortcode.default\">\n\t\t\t\t<div class=\"elementor-widget-container\">\n\t\t\t\t\t\t\t<div class=\"elementor-shortcode\">\t\t<div data-elementor-type=\"wp-post\" data-elementor-id=\"192\" class=\"elementor elementor-192\">\n\t\t\t\t<div class=\"elementor-element elementor-element-0530332 e-flex e-con-boxed e-con e-parent\" data-id=\"0530332\" data-element_type=\"container\">\n\t\t\t\t\t<div class=\"e-con-inner\">\n\t\t\t\t<div class=\"elementor-element elementor-element-8b0733b elementor-align-center elementor-widget elementor-widget-button\" data-id=\"8b0733b\" data-element_type=\"widget\" data-widget_type=\"button.default\">\n\t\t\t\t<div class=\"elementor-widget-container\">\n\t\t\t\t\t\t\t\t\t<div class=\"elementor-button-wrapper\">\n\t\t\t\t\t<a class=\"elementor-button elementor-button-link elementor-size-sm elementor-animation-grow\" href=\"https:\/\/wa.me\/5571992937777?text=Gostaria%20de%20agendar%20uma%20consulta%20com%20o%20Dra.%20Marina%20Pamponet\" target=\"_blank\">\n\t\t\t\t\t\t<span class=\"elementor-button-content-wrapper\">\n\t\t\t\t\t\t<span class=\"elementor-button-icon\">\n\t\t\t\t<svg aria-hidden=\"true\" class=\"e-font-icon-svg e-fab-whatsapp\" viewBox=\"0 0 448 512\" xmlns=\"http:\/\/www.w3.org\/2000\/svg\"><path d=\"M380.9 97.1C339 55.1 283.2 32 223.9 32c-122.4 0-222 99.6-222 222 0 39.1 10.2 77.3 29.6 111L0 480l117.7-30.9c32.4 17.7 68.9 27 106.1 27h.1c122.3 0 224.1-99.6 224.1-222 0-59.3-25.2-115-67.1-157zm-157 341.6c-33.2 0-65.7-8.9-94-25.7l-6.7-4-69.8 18.3L72 359.2l-4.4-7c-18.5-29.4-28.2-63.3-28.2-98.2 0-101.7 82.8-184.5 184.6-184.5 49.3 0 95.6 19.2 130.4 54.1 34.8 34.9 56.2 81.2 56.1 130.5 0 101.8-84.9 184.6-186.6 184.6zm101.2-138.2c-5.5-2.8-32.8-16.2-37.9-18-5.1-1.9-8.8-2.8-12.5 2.8-3.7 5.6-14.3 18-17.6 21.8-3.2 3.7-6.5 4.2-12 1.4-32.6-16.3-54-29.1-75.5-66-5.7-9.8 5.7-9.1 16.3-30.3 1.8-3.7.9-6.9-.5-9.7-1.4-2.8-12.5-30.1-17.1-41.2-4.5-10.8-9.1-9.3-12.5-9.5-3.2-.2-6.9-.2-10.6-.2-3.7 0-9.7 1.4-14.8 6.9-5.1 5.6-19.4 19-19.4 46.3 0 27.3 19.9 53.7 22.6 57.4 2.8 3.7 39.1 59.7 94.8 83.8 35.2 15.2 49 16.5 66.6 13.9 10.7-1.6 32.8-13.4 37.4-26.4 4.6-13 4.6-24.1 3.2-26.4-1.3-2.5-5-3.9-10.5-6.6z\"><\/path><\/svg>\t\t\t<\/span>\n\t\t\t\t\t\t\t\t\t<span class=\"elementor-button-text\">Agendar Consulta<\/span>\n\t\t\t\t\t<\/span>\n\t\t\t\t\t<\/a>\n\t\t\t\t<\/div>\n\t\t\t\t\t\t\t\t<\/div>\n\t\t\t\t<\/div>\n\t\t\t\t<div class=\"elementor-element elementor-element-4451bb9 elementor-shape-circle elementor-grid-0 e-grid-align-center elementor-widget elementor-widget-social-icons\" data-id=\"4451bb9\" data-element_type=\"widget\" data-widget_type=\"social-icons.default\">\n\t\t\t\t<div class=\"elementor-widget-container\">\n\t\t\t\t\t\t\t<div class=\"elementor-social-icons-wrapper elementor-grid\" role=\"list\">\n\t\t\t\t\t\t\t<span class=\"elementor-grid-item\" role=\"listitem\">\n\t\t\t\t\t<a class=\"elementor-icon elementor-social-icon elementor-social-icon-instagram elementor-animation-grow elementor-repeater-item-4d0e8a9\" href=\"https:\/\/www.instagram.com\/marina_pamponet\/\" target=\"_blank\">\n\t\t\t\t\t\t<span class=\"elementor-screen-only\">Instagram<\/span>\n\t\t\t\t\t\t<svg aria-hidden=\"true\" class=\"e-font-icon-svg e-fab-instagram\" viewBox=\"0 0 448 512\" xmlns=\"http:\/\/www.w3.org\/2000\/svg\"><path d=\"M224.1 141c-63.6 0-114.9 51.3-114.9 114.9s51.3 114.9 114.9 114.9S339 319.5 339 255.9 287.7 141 224.1 141zm0 189.6c-41.1 0-74.7-33.5-74.7-74.7s33.5-74.7 74.7-74.7 74.7 33.5 74.7 74.7-33.6 74.7-74.7 74.7zm146.4-194.3c0 14.9-12 26.8-26.8 26.8-14.9 0-26.8-12-26.8-26.8s12-26.8 26.8-26.8 26.8 12 26.8 26.8zm76.1 27.2c-1.7-35.9-9.9-67.7-36.2-93.9-26.2-26.2-58-34.4-93.9-36.2-37-2.1-147.9-2.1-184.9 0-35.8 1.7-67.6 9.9-93.9 36.1s-34.4 58-36.2 93.9c-2.1 37-2.1 147.9 0 184.9 1.7 35.9 9.9 67.7 36.2 93.9s58 34.4 93.9 36.2c37 2.1 147.9 2.1 184.9 0 35.9-1.7 67.7-9.9 93.9-36.2 26.2-26.2 34.4-58 36.2-93.9 2.1-37 2.1-147.8 0-184.8zM398.8 388c-7.8 19.6-22.9 34.7-42.6 42.6-29.5 11.7-99.5 9-132.1 9s-102.7 2.6-132.1-9c-19.6-7.8-34.7-22.9-42.6-42.6-11.7-29.5-9-99.5-9-132.1s-2.6-102.7 9-132.1c7.8-19.6 22.9-34.7 42.6-42.6 29.5-11.7 99.5-9 132.1-9s102.7-2.6 132.1 9c19.6 7.8 34.7 22.9 42.6 42.6 11.7 29.5 9 99.5 9 132.1s2.7 102.7-9 132.1z\"><\/path><\/svg>\t\t\t\t\t<\/a>\n\t\t\t\t<\/span>\n\t\t\t\t\t\t\t<span class=\"elementor-grid-item\" role=\"listitem\">\n\t\t\t\t\t<a class=\"elementor-icon elementor-social-icon elementor-social-icon-phone-alt elementor-animation-grow elementor-repeater-item-2014e93\" href=\"tel:+5571996557734\" target=\"_blank\">\n\t\t\t\t\t\t<span class=\"elementor-screen-only\">Phone-alt<\/span>\n\t\t\t\t\t\t<svg aria-hidden=\"true\" class=\"e-font-icon-svg e-fas-phone-alt\" viewBox=\"0 0 512 512\" xmlns=\"http:\/\/www.w3.org\/2000\/svg\"><path d=\"M497.39 361.8l-112-48a24 24 0 0 0-28 6.9l-49.6 60.6A370.66 370.66 0 0 1 130.6 204.11l60.6-49.6a23.94 23.94 0 0 0 6.9-28l-48-112A24.16 24.16 0 0 0 122.6.61l-104 24A24 24 0 0 0 0 48c0 256.5 207.9 464 464 464a24 24 0 0 0 23.4-18.6l24-104a24.29 24.29 0 0 0-14.01-27.6z\"><\/path><\/svg>\t\t\t\t\t<\/a>\n\t\t\t\t<\/span>\n\t\t\t\t\t\t\t<span class=\"elementor-grid-item\" role=\"listitem\">\n\t\t\t\t\t<a class=\"elementor-icon elementor-social-icon elementor-social-icon-check-circle elementor-animation-grow elementor-repeater-item-f53f000\" href=\"http:\/\/arnaldomotta.med.br\/site\/Marina-Curriculo.pdf\" target=\"_blank\">\n\t\t\t\t\t\t<span class=\"elementor-screen-only\">Check-circle<\/span>\n\t\t\t\t\t\t<svg aria-hidden=\"true\" class=\"e-font-icon-svg e-far-check-circle\" viewBox=\"0 0 512 512\" xmlns=\"http:\/\/www.w3.org\/2000\/svg\"><path d=\"M256 8C119.033 8 8 119.033 8 256s111.033 248 248 248 248-111.033 248-248S392.967 8 256 8zm0 48c110.532 0 200 89.451 200 200 0 110.532-89.451 200-200 200-110.532 0-200-89.451-200-200 0-110.532 89.451-200 200-200m140.204 130.267l-22.536-22.718c-4.667-4.705-12.265-4.736-16.97-.068L215.346 303.697l-59.792-60.277c-4.667-4.705-12.265-4.736-16.97-.069l-22.719 22.536c-4.705 4.667-4.736 12.265-.068 16.971l90.781 91.516c4.667 4.705 12.265 4.736 16.97.068l172.589-171.204c4.704-4.668 4.734-12.266.067-16.971z\"><\/path><\/svg>\t\t\t\t\t<\/a>\n\t\t\t\t<\/span>\n\t\t\t\t\t<\/div>\n\t\t\t\t\t\t<\/div>\n\t\t\t\t<\/div>\n\t\t\t\t\t<\/div>\n\t\t\t\t<\/div>\n\t\t\t\t<\/div>\n\t\t<\/div>\n\t\t\t\t\t\t<\/div>\n\t\t\t\t<\/div>\n\t\t\t\t<\/div>\n\t\t\t\t<\/div>\n\t\t\t\t\t<\/div>\n\t\t\t\t<\/div>\n\t\t\t\t<\/div>\n\t\t","protected":false},"excerpt":{"rendered":"<p>Gastroenterologia O gastroenterologista \u00e9 o m\u00e9dico especializado no diagn\u00f3stico, tratamento e preven\u00e7\u00e3o de doen\u00e7as do sistema digestivo. Esse sistema inclui \u00f3rg\u00e3os como o es\u00f4fago, est\u00f4mago, intestinos (delgado e grosso), f\u00edgado, ves\u00edcula biliar, p\u00e2ncreas e reto. A Dra Marina Pamponet \u00e9 Doutora em Gastroenterologia pela Universidade de S\u00e3o Paulo (USP), atua como Professora Adjunta da Universidade [&hellip;]<\/p>\n","protected":false},"author":1,"featured_media":0,"parent":0,"menu_order":0,"comment_status":"closed","ping_status":"closed","template":"elementor_header_footer","meta":{"footnotes":""},"class_list":["post-663","page","type-page","status-publish","hentry"],"_links":{"self":[{"href":"https:\/\/sites.creatycomunicacao.com\/dramarinapamponet\/index.php?rest_route=\/wp\/v2\/pages\/663","targetHints":{"allow":["GET"]}}],"collection":[{"href":"https:\/\/sites.creatycomunicacao.com\/dramarinapamponet\/index.php?rest_route=\/wp\/v2\/pages"}],"about":[{"href":"https:\/\/sites.creatycomunicacao.com\/dramarinapamponet\/index.php?rest_route=\/wp\/v2\/types\/page"}],"author":[{"embeddable":true,"href":"https:\/\/sites.creatycomunicacao.com\/dramarinapamponet\/index.php?rest_route=\/wp\/v2\/users\/1"}],"replies":[{"embeddable":true,"href":"https:\/\/sites.creatycomunicacao.com\/dramarinapamponet\/index.php?rest_route=%2Fwp%2Fv2%2Fcomments&post=663"}],"version-history":[{"count":34,"href":"https:\/\/sites.creatycomunicacao.com\/dramarinapamponet\/index.php?rest_route=\/wp\/v2\/pages\/663\/revisions"}],"predecessor-version":[{"id":801,"href":"https:\/\/sites.creatycomunicacao.com\/dramarinapamponet\/index.php?rest_route=\/wp\/v2\/pages\/663\/revisions\/801"}],"wp:attachment":[{"href":"https:\/\/sites.creatycomunicacao.com\/dramarinapamponet\/index.php?rest_route=%2Fwp%2Fv2%2Fmedia&parent=663"}],"curies":[{"name":"wp","href":"https:\/\/api.w.org\/{rel}","templated":true}]}}